{"id":10493,"date":"2025-08-26T17:31:02","date_gmt":"2025-08-26T16:31:02","guid":{"rendered":"https:\/\/dev.racefinder.pt\/event\/meia-maratona-de-viseu\/"},"modified":"2025-08-26T17:31:02","modified_gmt":"2025-08-26T16:31:02","slug":"meia-maratona-de-viseu","status":"publish","type":"product","link":"https:\/\/dev.racefinder.pt\/pt\/event\/meia-maratona-de-viseu\/","title":{"rendered":"Meia Maratona de Viseu"},"content":{"rendered":"","protected":false},"excerpt":{"rendered":"","protected":false},"featured_media":10487,"comment_status":"open","ping_status":"closed","template":"","meta":{"_acf_changed":false,"footnotes":""},"product_brand":[],"product_cat":[1085,129,244],"product_tag":[],"class_list":{"0":"post-10493","1":"product","2":"type-product","3":"status-publish","4":"has-post-thumbnail","6":"product_cat-wheelchair-race-pt","7":"product_cat-corrida","8":"product_cat-meia-maratona","10":"first","11":"instock","12":"shipping-taxable","13":"purchasable","14":"product-type-variable"},"acf":{"event_date_start":"20250920","event_date_end":"","event_start_time":"","event_country":"portugal","event_ticket_url":"https:\/\/stopandgo.net\/events\/meia-maratona-de-viseu-2025","event_latitude":"40.6566","event_longitude":"-7.9125","event_rating":"","is_hot_event":false,"event_participants_count":"0","organizer_avatar":false,"event_gallery":false,"event_location_text":"Viseu","event_short_description":"<p data-start=\"3123\" data-end=\"3470\">A <strong data-start=\"3125\" data-end=\"3155\">42\u00aa Meia Maratona de Viseu<\/strong> realiza-se no dia <strong data-start=\"3174\" data-end=\"3200\">20 de setembro de 2025<\/strong>, integrada no ambiente festivo da <strong data-start=\"3235\" data-end=\"3258\">Feira de S\u00e3o Mateus<\/strong>. Organizada pelo Grupo Desportivo \u201cOs Ribeirinhos\u201d, em parceria com o Munic\u00edpio de Viseu e associa\u00e7\u00f5es locais, o evento apresenta um programa diversificado que junta desporto, cultura e celebra\u00e7\u00e3o comunit\u00e1ria.<\/p>\n<p data-start=\"3472\" data-end=\"3739\">O programa desportivo inclui <strong data-start=\"3501\" data-end=\"3521\">cinco dist\u00e2ncias<\/strong>: a <strong data-start=\"3525\" data-end=\"3552\">Meia Maratona (21,1 km)<\/strong>, a <strong data-start=\"3556\" data-end=\"3581\">Mini Maratona (10 km)<\/strong>, a <strong data-start=\"3585\" data-end=\"3605\">Caminhada (5 km)<\/strong>, a <strong data-start=\"3609\" data-end=\"3622\">Kids Race<\/strong> (500 m, 1000 m, 1500 m) e ainda a <strong data-start=\"3657\" data-end=\"3695\">Corrida em Cadeira de Rodas (5 km)<\/strong>, refor\u00e7ando o car\u00e1ter inclusivo da prova.<\/p>\n<p data-start=\"3741\" data-end=\"3992\">Com partida e chegada na ic\u00f3nica Feira de S\u00e3o Mateus e percursos urbanos pelo cora\u00e7\u00e3o de Viseu, o evento alia o desafio competitivo a um ambiente festivo, proporcionando uma experi\u00eancia memor\u00e1vel a atletas de elite, corredores ocasionais e fam\u00edlias.<\/p>\n","organizer_description":"<p data-start=\"1050\" data-end=\"1104\"><a class=\"decorated-link\" href=\"file:\/\/\/Users\/paulavelosooliveira\/Downloads\/684e3d49c4d9a_MMV25_Regulamento.pdf\" rel=\"noopener\" data-start=\"1053\" data-end=\"1102\">Link do regulamento\u2197<\/a><\/p>\n<p data-start=\"4073\" data-end=\"4105\"><strong data-start=\"4073\" data-end=\"4102\">Escal\u00f5es et\u00e1rios\/divis\u00f5es<\/strong>:<\/p>\n<ul data-start=\"4106\" data-end=\"4382\">\n<li data-start=\"4106\" data-end=\"4254\">\n<p data-start=\"4108\" data-end=\"4254\">Meia Maratona &amp; Mini Maratona \u2013 escal\u00f5es habituais da federa\u00e7\u00e3o: Seniores e Veteranos (M35, M40, M45, M50, M60, M70+, e equivalentes femininos).<\/p>\n<\/li>\n<li data-start=\"4255\" data-end=\"4382\">\n<p data-start=\"4257\" data-end=\"4382\">Kids Race \u2013 Benjamins A (\u22642015), Benjamins B (2014\u20132015), Infantis (2012\u20132013), Iniciados (2010\u20132011), Juvenis (2008\u20132009).<\/p>\n<\/li>\n<\/ul>\n<p data-start=\"4384\" data-end=\"4478\"><strong data-start=\"4384\" data-end=\"4403\">Partida\/chegada<\/strong>: Todas as provas partem e terminam na <strong data-start=\"4442\" data-end=\"4465\">Feira de S\u00e3o Mateus<\/strong>, em Viseu.<\/p>\n<p data-start=\"4480\" data-end=\"4522\"><strong data-start=\"4480\" data-end=\"4519\">Hor\u00e1rios (20 setembro 2025, s\u00e1bado)<\/strong>:<\/p>\n<ul data-start=\"4523\" data-end=\"4671\">\n<li data-start=\"4523\" data-end=\"4572\">\n<p data-start=\"4525\" data-end=\"4572\">Kids Race \u2013 17h00 (tr\u00eas blocos por dist\u00e2ncia)<\/p>\n<\/li>\n<li data-start=\"4573\" data-end=\"4601\">\n<p data-start=\"4575\" data-end=\"4601\">Caminhada (5 km) \u2013 18h00<\/p>\n<\/li>\n<li data-start=\"4602\" data-end=\"4637\">\n<p data-start=\"4604\" data-end=\"4637\">Meia Maratona (21,1 km) \u2013 19h00<\/p>\n<\/li>\n<li data-start=\"4638\" data-end=\"4671\">\n<p data-start=\"4640\" data-end=\"4671\">Mini Maratona (10 km) \u2013 19h00<\/p>\n<\/li>\n<\/ul>\n<p data-start=\"4673\" data-end=\"4741\"><strong data-start=\"4673\" data-end=\"4689\">Tempo limite<\/strong>: 3 horas (todas as provas terminam at\u00e9 \u00e0s 22h00).<\/p>\n<p data-start=\"4743\" data-end=\"4788\"><strong data-start=\"4743\" data-end=\"4785\">Levantamento de dorsais \/ Secretariado<\/strong>:<\/p>\n<ul data-start=\"4789\" data-end=\"4941\">\n<li data-start=\"4789\" data-end=\"4839\">\n<p data-start=\"4791\" data-end=\"4839\">18 setembro: 17h00\u201321h00 (exclusivo Caminhada)<\/p>\n<\/li>\n<li data-start=\"4840\" data-end=\"4890\">\n<p data-start=\"4842\" data-end=\"4890\">19 setembro: 14h00\u201321h00 (todas as dist\u00e2ncias)<\/p>\n<\/li>\n<li data-start=\"4891\" data-end=\"4941\">\n<p data-start=\"4893\" data-end=\"4941\">20 setembro: 10h00\u201317h00 (todas as dist\u00e2ncias)<\/p>\n<\/li>\n<\/ul>\n<p data-start=\"4943\" data-end=\"5067\"><strong data-start=\"4943\" data-end=\"4970\">Limite de participantes<\/strong>: 6.000 no total (3.000 Meia Maratona, 2.000 Mini Maratona, 200 Kids Race, restante Caminhada).<\/p>\n<p data-start=\"5069\" data-end=\"5139\"><strong data-start=\"5069\" data-end=\"5091\">Prazo de inscri\u00e7\u00e3o<\/strong>: at\u00e9 15 de setembro de 2025 (ou at\u00e9 esgotar).<\/p>\n<p data-start=\"5141\" data-end=\"5370\"><strong data-start=\"5141\" data-end=\"5157\">Tipo de piso<\/strong>: Estradas urbanas em asfalto.<br data-start=\"5187\" data-end=\"5190\" \/><strong data-start=\"5190\" data-end=\"5213\">Formato do percurso<\/strong>: Circuito urbano.<br data-start=\"5231\" data-end=\"5234\" \/><strong data-start=\"5234\" data-end=\"5261\">M\u00e9todo de cronometragem<\/strong>: chip eletr\u00f3nico (Meia &amp; Mini Maratona).<br data-start=\"5302\" data-end=\"5305\" \/><strong data-start=\"5305\" data-end=\"5323\">Abastecimentos<\/strong>: pontos de hidrata\u00e7\u00e3o no percurso e na meta.<\/p>\n","race_benefits":"<p data-start=\"5394\" data-end=\"6128\">\ud83c\udfbd <strong data-start=\"5397\" data-end=\"5414\">Kit de atleta<\/strong>: t-shirt t\u00e9cnica oficial, dorsal, alfinetes e chip (Meia &amp; Mini Maratona).<br data-start=\"5489\" data-end=\"5492\" \/>\ud83c\udfc5 <strong data-start=\"5495\" data-end=\"5514\">Pr\u00e9mio finisher<\/strong>: medalha para todos os participantes da Meia &amp; Mini Maratona; lembran\u00e7as para a Kids Race.<br data-start=\"5605\" data-end=\"5608\" \/>\u23f1\ufe0f <strong data-start=\"5611\" data-end=\"5649\">Cronometragem e resultados ao vivo<\/strong> nas provas competitivas.<br data-start=\"5674\" data-end=\"5677\" \/>\ud83d\udee1\ufe0f <strong data-start=\"5681\" data-end=\"5702\">Seguro desportivo<\/strong>: cobertura de acidentes pessoais e responsabilidade civil.<br data-start=\"5761\" data-end=\"5764\" \/>\ud83e\udd64 <strong data-start=\"5767\" data-end=\"5794\">Postos de abastecimento<\/strong>: \u00e1gua e refor\u00e7o alimentar no percurso e na meta.<br data-start=\"5843\" data-end=\"5846\" \/>\ud83d\udebf <strong data-start=\"5849\" data-end=\"5872\">Balne\u00e1rios e duches<\/strong> dispon\u00edveis junto \u00e0 zona de partida\/chegada.<br data-start=\"5917\" data-end=\"5920\" \/>\ud83e\uddf3 <strong data-start=\"5923\" data-end=\"5948\">Servi\u00e7o de bengaleiro<\/strong> para Meia &amp; Mini Maratona.<br data-start=\"5975\" data-end=\"5978\" \/>\ud83d\udcf8 <strong data-start=\"5981\" data-end=\"6017\">Fotografia e cobertura medi\u00e1tica<\/strong> do evento.<br data-start=\"6028\" data-end=\"6031\" \/>\ud83c\udfc6 <strong data-start=\"6034\" data-end=\"6056\">Cerim\u00f3nia de p\u00f3dio<\/strong> com trof\u00e9us e pr\u00e9mios de patrocinadores para os vencedores absolutos.<\/p>\n","organizer_website":{"title":"","url":"","target":"","0":""}},"_links":{"self":[{"href":"https:\/\/dev.racefinder.pt\/pt\/wp-json\/wp\/v2\/product\/10493","targetHints":{"allow":["GET"]}}],"collection":[{"href":"https:\/\/dev.racefinder.pt\/pt\/wp-json\/wp\/v2\/product"}],"about":[{"href":"https:\/\/dev.racefinder.pt\/pt\/wp-json\/wp\/v2\/types\/product"}],"replies":[{"embeddable":true,"href":"https:\/\/dev.racefinder.pt\/pt\/wp-json\/wp\/v2\/comments?post=10493"}],"version-history":[{"count":0,"href":"https:\/\/dev.racefinder.pt\/pt\/wp-json\/wp\/v2\/product\/10493\/revisions"}],"wp:featuredmedia":[{"embeddable":true,"href":"https:\/\/dev.racefinder.pt\/pt\/wp-json\/wp\/v2\/media\/10487"}],"wp:attachment":[{"href":"https:\/\/dev.racefinder.pt\/pt\/wp-json\/wp\/v2\/media?parent=10493"}],"wp:term":[{"taxonomy":"product_brand","embeddable":true,"href":"https:\/\/dev.racefinder.pt\/pt\/wp-json\/wp\/v2\/product_brand?post=10493"},{"taxonomy":"product_cat","embeddable":true,"href":"https:\/\/dev.racefinder.pt\/pt\/wp-json\/wp\/v2\/product_cat?post=10493"},{"taxonomy":"product_tag","embeddable":true,"href":"https:\/\/dev.racefinder.pt\/pt\/wp-json\/wp\/v2\/product_tag?post=10493"}],"curies":[{"name":"wp","href":"https:\/\/api.w.org\/{rel}","templated":true}]}}