{"id":10614,"date":"2025-07-15T15:19:35","date_gmt":"2025-07-15T14:19:35","guid":{"rendered":"https:\/\/dev.racefinder.pt\/event\/8th-open-european-down-syndrome-swimming-artistic-championships\/"},"modified":"2025-11-02T03:01:13","modified_gmt":"2025-11-02T03:01:13","slug":"8th-open-european-down-syndrome-swimming-artistic-championships","status":"publish","type":"product","link":"https:\/\/dev.racefinder.pt\/pt\/event\/8th-open-european-down-syndrome-swimming-artistic-championships\/","title":{"rendered":"8th Open European Down Syndrome Swimming &#038; Artistic Championships"},"content":{"rendered":"","protected":false},"excerpt":{"rendered":"","protected":false},"featured_media":7441,"comment_status":"open","ping_status":"closed","template":"","meta":{"_acf_changed":false,"footnotes":""},"product_brand":[],"product_cat":[131,233],"product_tag":[],"class_list":{"0":"post-10614","1":"product","2":"type-product","3":"status-publish","4":"has-post-thumbnail","6":"product_cat-natacao","7":"product_cat-aguas-abertas","9":"first","10":"instock","11":"shipping-taxable","12":"product-type-variable"},"acf":{"event_date_start":"20251027","event_start_time":"","event_country":"portugal","event_ticket_url":"https:\/\/www.dsiso.org\/event\/8th-european-down-syndrome-swimming-championships\/","event_latitude":"37.0891","event_longitude":"-8.2479","event_rating":"","is_hot_event":false,"event_participants_count":"0","organizer_avatar":false,"event_gallery":false,"event_location_text":"Albufeira","event_short_description":"<div id=\"model-response-message-contentr_c369e746652ed858\" class=\"markdown markdown-main-panel stronger enable-updated-hr-color\" dir=\"ltr\">\n<p>A 8.\u00aa edi\u00e7\u00e3o do Campeonato Europeu Aberto de Nata\u00e7\u00e3o e Art\u00edstica para Atletas com S\u00edndrome de Down ir\u00e1 decorrer em Albufeira, Portugal, de 25 de outubro a 3 de novembro de 2025. Este prestigiado evento acolhe atletas de elite e em desenvolvimento, com S\u00edndrome de Down, oriundos de toda a Europa e de outras partes do mundo. A competi\u00e7\u00e3o ser\u00e1 realizada em piscina de percurso curto.<\/p>\n<\/div>\n","event_date_end":"20251101","event_full_address":"","organizer_name":"","organizer_description":"","race_benefits":"","organizer_website":{"title":"","url":"","target":"","0":""}},"_links":{"self":[{"href":"https:\/\/dev.racefinder.pt\/pt\/wp-json\/wp\/v2\/product\/10614","targetHints":{"allow":["GET"]}}],"collection":[{"href":"https:\/\/dev.racefinder.pt\/pt\/wp-json\/wp\/v2\/product"}],"about":[{"href":"https:\/\/dev.racefinder.pt\/pt\/wp-json\/wp\/v2\/types\/product"}],"replies":[{"embeddable":true,"href":"https:\/\/dev.racefinder.pt\/pt\/wp-json\/wp\/v2\/comments?post=10614"}],"version-history":[{"count":1,"href":"https:\/\/dev.racefinder.pt\/pt\/wp-json\/wp\/v2\/product\/10614\/revisions"}],"predecessor-version":[{"id":10638,"href":"https:\/\/dev.racefinder.pt\/pt\/wp-json\/wp\/v2\/product\/10614\/revisions\/10638"}],"wp:featuredmedia":[{"embeddable":true,"href":"https:\/\/dev.racefinder.pt\/pt\/wp-json\/wp\/v2\/media\/7441"}],"wp:attachment":[{"href":"https:\/\/dev.racefinder.pt\/pt\/wp-json\/wp\/v2\/media?parent=10614"}],"wp:term":[{"taxonomy":"product_brand","embeddable":true,"href":"https:\/\/dev.racefinder.pt\/pt\/wp-json\/wp\/v2\/product_brand?post=10614"},{"taxonomy":"product_cat","embeddable":true,"href":"https:\/\/dev.racefinder.pt\/pt\/wp-json\/wp\/v2\/product_cat?post=10614"},{"taxonomy":"product_tag","embeddable":true,"href":"https:\/\/dev.racefinder.pt\/pt\/wp-json\/wp\/v2\/product_tag?post=10614"}],"curies":[{"name":"wp","href":"https:\/\/api.w.org\/{rel}","templated":true}]}}