{"id":10625,"date":"2025-07-17T10:03:24","date_gmt":"2025-07-17T09:03:24","guid":{"rendered":"https:\/\/dev.racefinder.pt\/event\/rfm-performance-manz-games\/"},"modified":"2025-11-03T03:08:52","modified_gmt":"2025-11-03T03:08:52","slug":"rfm-performance-manz-games","status":"publish","type":"product","link":"https:\/\/dev.racefinder.pt\/pt\/event\/rfm-performance-manz-games\/","title":{"rendered":"RFM Performance MANZ Games"},"content":{"rendered":"","protected":false},"excerpt":{"rendered":"","protected":false},"featured_media":7610,"comment_status":"open","ping_status":"closed","template":"","meta":{"_acf_changed":false,"footnotes":""},"product_brand":[],"product_cat":[129,246],"product_tag":[],"class_list":{"0":"post-10625","1":"product","2":"type-product","3":"status-publish","4":"has-post-thumbnail","6":"product_cat-corrida","7":"product_cat-corrida-de-rua","9":"first","10":"instock","11":"shipping-taxable","12":"purchasable","13":"product-type-variable"},"acf":{"event_date_start":"20251101","event_date_end":"20251102","event_start_time":"","event_country":"portugal","event_ticket_url":"https:\/\/lap2go.com\/pt\/event\/rfm-portugal-fit-2025","event_latitude":"40.6405","event_longitude":"-8.6338","event_rating":"","is_hot_event":false,"event_participants_count":"0","organizer_avatar":false,"event_gallery":false,"event_location_text":"Aveiro","event_short_description":"<div id=\"model-response-message-contentr_5c4ea95062371e89\" class=\"markdown markdown-main-panel stronger enable-updated-hr-color\" dir=\"ltr\">\n<p>O RFM Portugal Fit \u2013 Performance Manz Games, que se realiza nos dias 1 e 2 de novembro de 2025 em Aveiro, junta corrida, treino funcional e esp\u00edrito competitivo num \u00fanico evento. Ideal para atletas experientes e entusiastas do fitness, o evento combina segmentos de corrida de 600 m com sete desafios diferentes de for\u00e7a, resist\u00eancia e coordena\u00e7\u00e3o.<\/p>\n<p>Os participantes podem competir individualmente, em pares (masculino, feminino ou misto) ou em equipas de estafetas, com categorias para todas as idades a partir dos 16 anos. Quer procure um desafio pessoal, um momento para a sua equipa ou apenas uma experi\u00eancia divertida e cheia de energia, este evento \u00e9 para si. Com um pr\u00e9mio de 8000\u20ac, medalhas para os primeiros classificados dos respetivos escal\u00f5es e a atmosfera el\u00e9trica do Portugal Fit, o evento \u00e9 mais do que uma corrida \u2014 \u00e9 uma celebra\u00e7\u00e3o do atletismo, da garra e da comunidade.<\/p>\n<\/div>\n","organizer_description":"<p data-start=\"2012\" data-end=\"2123\"><strong data-start=\"2012\" data-end=\"2042\">\ud83d\udcce<\/strong> <a class=\"\" href=\"https:\/\/lap2go.com\/pt\/event\/rfm-portugal-fit-2025\/regulamento.html\" target=\"_new\" rel=\"noopener\" data-start=\"2043\" data-end=\"2121\">Link do regulamento\u00a0<\/a><\/p>\n<p><strong>\ud83d\udcc5 Datas &amp; Local:<\/strong> 1\u20132 de novembro de 2025 \u2013 Aveiro<\/p>\n<p><strong>\ud83c\udfc3 Formato:<\/strong> Sete segmentos de corrida de 600\u202fm, cada um seguido por uma esta\u00e7\u00e3o de treino funcional (total: 4,2\u202fkm de corrida + 7 exerc\u00edcios)<\/p>\n<p><strong>\ud83d\udcaa Esta\u00e7\u00f5es de Treino:<\/strong><\/p>\n<ul>\n<li>Remo (1000\u202fm)<\/li>\n<li>Slam Ball Throw<\/li>\n<li>KB Farm Carry<\/li>\n<li>Ski Erg (1000\u202fm)<\/li>\n<li>Dumbbell Walking Lunges<\/li>\n<li>Burpee Broad Jump<\/li>\n<li>Wall Ball (100 repeti\u00e7\u00f5es)<\/li>\n<\/ul>\n<p><strong>\ud83d\udc65 Categorias:<\/strong><\/p>\n<ul>\n<li>Singles (M\/F)<\/li>\n<li>Doubles (M\/F\/Misturado)<\/li>\n<li>Relays (4 pessoas M\/F\/Misturado)<\/li>\n<\/ul>\n<p><strong>\ud83c\udf82 Faixas Et\u00e1rias:<\/strong> 16\u201335, 36\u201345, 46\u201355, 56+<\/p>\n<p><strong>\u23f0 Hor\u00e1rios de Partida:<\/strong> Atribu\u00eddos por categoria; confirmados uma semana antes do evento<\/p>\n<p><strong>\ud83d\udccb Levantamento de Dorsais:<\/strong> Registro no local e recolha de chip a partir de 2\u202fh antes da prova<\/p>\n<p><strong>\ud83d\udcc5 Prazo de Inscri\u00e7\u00e3o:<\/strong> 19 de outubro de 2025<\/p>\n<p><strong>\ud83d\udcb0 Taxas de Inscri\u00e7\u00e3o:<\/strong><\/p>\n<ul>\n<li>Singles: \u20ac45\u201375<\/li>\n<li>Doubles: \u20ac65\u2013115<\/li>\n<li>Relays: \u20ac85\u2013145<br \/>\n(dependendo da fase de inscri\u00e7\u00e3o)<\/li>\n<\/ul>\n<p><strong>\u23f1\ufe0f Cronometragem:<\/strong> Chip-timed; classifica\u00e7\u00e3o pelo tempo mais r\u00e1pido por categoria e faixa et\u00e1ria<\/p>\n<p><strong>\ud83c\udfc6 Pr\u00e9mios:<\/strong> Premia\u00e7\u00e3o em dinheiro para os 3 primeiros gerais de cada categoria; medalhas para os 3 primeiros de cada faixa et\u00e1ria<\/p>\n<p>&nbsp;<\/p>\n","race_benefits":"<div id=\"model-response-message-contentr_43a01e8eeed0c4ab\" class=\"markdown markdown-main-panel stronger enable-updated-hr-color\" dir=\"ltr\">\n<p><b>\ud83c\udfbd Kit do Atleta:<\/b> T-shirt do evento, dorsal com chip e acesso \u00e0 zona de aquecimento<\/p>\n<p><b>\ud83c\udfc5 Medalhas:<\/b> Para os primeiros classificados de cada escal\u00e3o<\/p>\n<p><b>\u23f1\ufe0f Cronometragem:<\/b> Por chip em tempo real e resultados por categoria<\/p>\n<p><b>\ud83d\udedf Apoio:<\/b> Apoio m\u00e9dico no local e ju\u00edzes treinados em todas as esta\u00e7\u00f5es<\/p>\n<p><b>\ud83d\udee1\ufe0f Seguro:<\/b> De acidentes pessoais e de responsabilidade civil<\/p>\n<p><b>\ud83e\udd64 Pontos de Apoio:<\/b> M\u00faltiplos pontos de apoio com hidrata\u00e7\u00e3o e snacks<\/p>\n<p><b>\ud83d\udebf Instala\u00e7\u00f5es:<\/b> Acesso a balne\u00e1rios com chuveiros<\/p>\n<p><b>\ud83e\uddf3 Guarda-Volumes:<\/b> Armazenamento seguro de pertences<\/p>\n<p><b>\ud83d\udcf8 Cobertura Multim\u00e9dia:<\/b> Cobertura profissional de fotografia e v\u00eddeo<\/p>\n<p><b>\ud83c\udfc6 Pr\u00e9mios:<\/b> 8000\u20ac em pr\u00e9mios monet\u00e1rios, trof\u00e9us e medalhas para os vencedores<\/p>\n<\/div>\n","organizer_website":{"title":"","url":"","target":"","0":""}},"_links":{"self":[{"href":"https:\/\/dev.racefinder.pt\/pt\/wp-json\/wp\/v2\/product\/10625","targetHints":{"allow":["GET"]}}],"collection":[{"href":"https:\/\/dev.racefinder.pt\/pt\/wp-json\/wp\/v2\/product"}],"about":[{"href":"https:\/\/dev.racefinder.pt\/pt\/wp-json\/wp\/v2\/types\/product"}],"replies":[{"embeddable":true,"href":"https:\/\/dev.racefinder.pt\/pt\/wp-json\/wp\/v2\/comments?post=10625"}],"version-history":[{"count":0,"href":"https:\/\/dev.racefinder.pt\/pt\/wp-json\/wp\/v2\/product\/10625\/revisions"}],"wp:featuredmedia":[{"embeddable":true,"href":"https:\/\/dev.racefinder.pt\/pt\/wp-json\/wp\/v2\/media\/7610"}],"wp:attachment":[{"href":"https:\/\/dev.racefinder.pt\/pt\/wp-json\/wp\/v2\/media?parent=10625"}],"wp:term":[{"taxonomy":"product_brand","embeddable":true,"href":"https:\/\/dev.racefinder.pt\/pt\/wp-json\/wp\/v2\/product_brand?post=10625"},{"taxonomy":"product_cat","embeddable":true,"href":"https:\/\/dev.racefinder.pt\/pt\/wp-json\/wp\/v2\/product_cat?post=10625"},{"taxonomy":"product_tag","embeddable":true,"href":"https:\/\/dev.racefinder.pt\/pt\/wp-json\/wp\/v2\/product_tag?post=10625"}],"curies":[{"name":"wp","href":"https:\/\/api.w.org\/{rel}","templated":true}]}}