{"id":10651,"date":"2025-06-17T13:25:12","date_gmt":"2025-06-17T12:25:12","guid":{"rendered":"https:\/\/dev.racefinder.pt\/event\/maratona-do-porto\/"},"modified":"2025-11-03T03:08:53","modified_gmt":"2025-11-03T03:08:53","slug":"maratona-do-porto","status":"publish","type":"product","link":"https:\/\/dev.racefinder.pt\/pt\/event\/maratona-do-porto\/","title":{"rendered":"Maratona do Porto"},"content":{"rendered":"","protected":false},"excerpt":{"rendered":"","protected":false},"featured_media":8205,"comment_status":"open","ping_status":"closed","template":"","meta":{"_acf_changed":false,"footnotes":""},"product_brand":[],"product_cat":[129,243],"product_tag":[],"class_list":{"0":"post-10651","1":"product","2":"type-product","3":"status-publish","4":"has-post-thumbnail","6":"product_cat-corrida","7":"product_cat-maratonas","9":"first","10":"instock","11":"shipping-taxable","12":"purchasable","13":"product-type-variable"},"acf":{"event_date_start":"20251102","event_date_end":"","event_start_time":"","event_country":"portugal","event_ticket_url":"https:\/\/www.maratonadoporto.com","event_latitude":"41.1657","event_longitude":"-8.6883","event_rating":"","is_hot_event":false,"event_participants_count":"0","organizer_avatar":false,"event_gallery":false,"event_location_text":"Porto","event_short_description":"<p data-start=\"3033\" data-end=\"3386\">A <strong data-start=\"3035\" data-end=\"3065\">EDP Maratona do Porto 2025<\/strong> realiza-se a <strong data-start=\"3079\" data-end=\"3104\">2 de novembro de 2025<\/strong>, com partida no <strong data-start=\"3121\" data-end=\"3139\">Sea Life Porto<\/strong> e chegada ao <strong data-start=\"3153\" data-end=\"3195\">Queim\u00f3dromo, junto ao Parque da Cidade<\/strong>. Organizada pela <strong data-start=\"3213\" data-end=\"3229\">Runporto.com<\/strong>, com o apoio da C\u00e2mara Municipal do Porto e das principais entidades desportivas, \u00e9 considerada uma das maratonas mais prestigiadas e c\u00e9nicas de Portugal.<\/p>\n<p data-start=\"3388\" data-end=\"3736\">O programa conta com <strong data-start=\"3409\" data-end=\"3428\">tr\u00eas dist\u00e2ncias<\/strong>: a cl\u00e1ssica <strong data-start=\"3441\" data-end=\"3465\">Maratona (42.195 km)<\/strong>, a <strong data-start=\"3469\" data-end=\"3480\">EDP 10K<\/strong> e a <strong data-start=\"3485\" data-end=\"3505\">APO 6K Caminhada<\/strong>, abrindo portas a atletas de elite, corredores ocasionais e fam\u00edlias. Com mais de <strong data-start=\"3588\" data-end=\"3627\">15.000 participantes internacionais<\/strong>, a Maratona do Porto proporciona uma experi\u00eancia \u00fanica ao longo da costa atl\u00e2ntica e do cora\u00e7\u00e3o da cidade.<\/p>\n","organizer_name":"Runporto","organizer_description":"<p><a class=\"decorated-link\" href=\"https:\/\/www.maratonadoporto.com\/en\/rules-2025\/\" target=\"_new\" rel=\"noopener\" data-start=\"955\" data-end=\"1012\">Link do regulamento \u2197<\/a><\/p>\n<p data-start=\"3824\" data-end=\"3856\"><strong data-start=\"3824\" data-end=\"3853\">Escal\u00f5es et\u00e1rios\/divis\u00f5es<\/strong>:<\/p>\n<ul data-start=\"3857\" data-end=\"4004\">\n<li data-start=\"3857\" data-end=\"3908\">\n<p data-start=\"3859\" data-end=\"3908\">Maratona (42.195 km) \u2013 nascidos em 2005 e antes<\/p>\n<\/li>\n<li data-start=\"3909\" data-end=\"3947\">\n<p data-start=\"3911\" data-end=\"3947\">EDP 10K \u2013 nascidos em 2007 e antes<\/p>\n<\/li>\n<li data-start=\"3948\" data-end=\"4004\">\n<p data-start=\"3950\" data-end=\"4004\">APO 6K Caminhada \u2013 todas as idades (n\u00e3o competitiva)<\/p>\n<\/li>\n<\/ul>\n<p data-start=\"4006\" data-end=\"4110\"><strong data-start=\"4006\" data-end=\"4025\">Partida\/chegada<\/strong>: Partida \u2013 <strong data-start=\"4037\" data-end=\"4055\">Sea Life Porto<\/strong>; Chegada \u2013 <strong data-start=\"4067\" data-end=\"4108\">Queim\u00f3dromo (Parque da Cidade, Porto)<\/strong><\/p>\n<p data-start=\"4112\" data-end=\"4181\"><strong data-start=\"4112\" data-end=\"4150\">Hor\u00e1rio (2 novembro 2025, domingo)<\/strong>: 08h00 (todas as dist\u00e2ncias)<\/p>\n<p data-start=\"4183\" data-end=\"4202\"><strong data-start=\"4183\" data-end=\"4199\">Tempo limite<\/strong>:<\/p>\n<ul data-start=\"4203\" data-end=\"4270\">\n<li data-start=\"4203\" data-end=\"4225\">\n<p data-start=\"4205\" data-end=\"4225\">Maratona \u2013 6 horas<\/p>\n<\/li>\n<li data-start=\"4226\" data-end=\"4243\">\n<p data-start=\"4228\" data-end=\"4243\">10K \u2013 2 horas<\/p>\n<\/li>\n<li data-start=\"4244\" data-end=\"4270\">\n<p data-start=\"4246\" data-end=\"4270\">6K Caminhada \u2013 2 horas<\/p>\n<\/li>\n<\/ul>\n<p data-start=\"4272\" data-end=\"4297\"><strong data-start=\"4272\" data-end=\"4294\">Taxas de inscri\u00e7\u00e3o<\/strong>:<\/p>\n<ul data-start=\"4298\" data-end=\"4655\">\n<li data-start=\"4298\" data-end=\"4409\">\n<p data-start=\"4300\" data-end=\"4409\">Maratona \u2013 40 \u20ac (promo\u00e7\u00e3o Natal) \u2192 60 \u20ac (at\u00e9 31 mar) \u2192 65 \u20ac (at\u00e9 31 ago) \u2192 75 \u20ac (at\u00e9 28 out) \u2192 100 \u20ac (Expo)<\/p>\n<\/li>\n<li data-start=\"4410\" data-end=\"4532\">\n<p data-start=\"4412\" data-end=\"4532\">VIP Maratona \u2013 200 \u20ac (inclui partida na frente, zona VIP, catering, estacionamento, pasta party, resultados SMS, etc.)<\/p>\n<\/li>\n<li data-start=\"4533\" data-end=\"4594\">\n<p data-start=\"4535\" data-end=\"4594\">10K \u2013 17 \u20ac (at\u00e9 31 ago) \u2192 19 \u20ac (at\u00e9 28 out) \u2192 25 \u20ac (Expo)<\/p>\n<\/li>\n<li data-start=\"4595\" data-end=\"4655\">\n<p data-start=\"4597\" data-end=\"4655\">6K \u2013 10 \u20ac (at\u00e9 31 ago) \u2192 13 \u20ac (at\u00e9 28 out) \u2192 15 \u20ac (Expo)<\/p>\n<\/li>\n<\/ul>\n<p data-start=\"4657\" data-end=\"4687\"><strong data-start=\"4657\" data-end=\"4684\">Levantamento de dorsais<\/strong>:<\/p>\n<ul data-start=\"4688\" data-end=\"4783\">\n<li data-start=\"4688\" data-end=\"4783\">\n<p data-start=\"4690\" data-end=\"4783\"><strong data-start=\"4690\" data-end=\"4736\">Centro de Congressos da Alf\u00e2ndega do Porto<\/strong> \u2013 31 out e 1 nov, 10h00\u201319h00 (sem exce\u00e7\u00f5es)<\/p>\n<\/li>\n<\/ul>\n<p data-start=\"4785\" data-end=\"4864\"><strong data-start=\"4785\" data-end=\"4797\">Percurso<\/strong>: Estradas urbanas e costeiras, certificado pela World Athletics.<\/p>\n<p data-start=\"4866\" data-end=\"4909\"><strong data-start=\"4866\" data-end=\"4883\">Cronometragem<\/strong>: chip (Maratona &amp; 10K).<\/p>\n<p data-start=\"4911\" data-end=\"5018\"><strong data-start=\"4911\" data-end=\"4929\">Abastecimentos<\/strong>: de 5 em 5 km, segundo regulamento IAAF (\u00e1gua + refor\u00e7o alimentar, ajustado ao clima).<\/p>\n<p data-start=\"5020\" data-end=\"5067\"><strong data-start=\"5020\" data-end=\"5047\">Limite de participantes<\/strong>: 15.000 no total.<\/p>\n","race_benefits":"<p data-start=\"5091\" data-end=\"5781\">\ud83c\udfbd <strong data-start=\"5094\" data-end=\"5111\">Kit de atleta<\/strong>: dorsal oficial, chip (Maratona &amp; 10K), t-shirt comemorativa (limitada ao stock), bengaleiro.<br data-start=\"5205\" data-end=\"5208\" \/>\ud83c\udfc5 <strong data-start=\"5211\" data-end=\"5230\">Pr\u00e9mio finisher<\/strong>: medalha e lembran\u00e7as comemorativas na meta.<br data-start=\"5275\" data-end=\"5278\" \/>\u23f1\ufe0f <strong data-start=\"5281\" data-end=\"5326\">Cronometragem oficial &amp; resultados online<\/strong> (Maratona &amp; 10K).<br data-start=\"5344\" data-end=\"5347\" \/>\ud83d\udcdc <strong data-start=\"5350\" data-end=\"5369\">Diploma digital<\/strong> dispon\u00edvel online (Maratona &amp; 10K).<br data-start=\"5405\" data-end=\"5408\" \/>\ud83d\udedf <strong data-start=\"5411\" data-end=\"5439\">Apoio m\u00e9dico e seguran\u00e7a<\/strong>: equipas m\u00e9dicas, ambul\u00e2ncias e pol\u00edcia ao longo do percurso.<br data-start=\"5501\" data-end=\"5504\" \/>\ud83d\udee1\ufe0f <strong data-start=\"5508\" data-end=\"5529\">Seguro desportivo<\/strong> inclu\u00eddo.<br data-start=\"5539\" data-end=\"5542\" \/>\ud83e\udd64 <strong data-start=\"5545\" data-end=\"5572\">Postos de abastecimento<\/strong> de 5 em 5 km.<br data-start=\"5586\" data-end=\"5589\" \/>\ud83e\uddf3 <strong data-start=\"5592\" data-end=\"5617\">Servi\u00e7o de bengaleiro<\/strong> junto \u00e0 meta para todas as provas.<br data-start=\"5652\" data-end=\"5655\" \/>\ud83d\udcf8 <strong data-start=\"5658\" data-end=\"5695\">Cobertura fotogr\u00e1fica &amp; medi\u00e1tica<\/strong> do evento.<br data-start=\"5706\" data-end=\"5709\" \/>\ud83c\udfc6 <strong data-start=\"5712\" data-end=\"5723\">Pr\u00e9mios<\/strong>: trof\u00e9us e classifica\u00e7\u00f5es por escal\u00e3o (Maratona &amp; 10K).<\/p>\n","organizer_website":{"title":"","url":"","target":"","0":""}},"_links":{"self":[{"href":"https:\/\/dev.racefinder.pt\/pt\/wp-json\/wp\/v2\/product\/10651","targetHints":{"allow":["GET"]}}],"collection":[{"href":"https:\/\/dev.racefinder.pt\/pt\/wp-json\/wp\/v2\/product"}],"about":[{"href":"https:\/\/dev.racefinder.pt\/pt\/wp-json\/wp\/v2\/types\/product"}],"replies":[{"embeddable":true,"href":"https:\/\/dev.racefinder.pt\/pt\/wp-json\/wp\/v2\/comments?post=10651"}],"version-history":[{"count":0,"href":"https:\/\/dev.racefinder.pt\/pt\/wp-json\/wp\/v2\/product\/10651\/revisions"}],"wp:featuredmedia":[{"embeddable":true,"href":"https:\/\/dev.racefinder.pt\/pt\/wp-json\/wp\/v2\/media\/8205"}],"wp:attachment":[{"href":"https:\/\/dev.racefinder.pt\/pt\/wp-json\/wp\/v2\/media?parent=10651"}],"wp:term":[{"taxonomy":"product_brand","embeddable":true,"href":"https:\/\/dev.racefinder.pt\/pt\/wp-json\/wp\/v2\/product_brand?post=10651"},{"taxonomy":"product_cat","embeddable":true,"href":"https:\/\/dev.racefinder.pt\/pt\/wp-json\/wp\/v2\/product_cat?post=10651"},{"taxonomy":"product_tag","embeddable":true,"href":"https:\/\/dev.racefinder.pt\/pt\/wp-json\/wp\/v2\/product_tag?post=10651"}],"curies":[{"name":"wp","href":"https:\/\/api.w.org\/{rel}","templated":true}]}}