{"id":10766,"date":"2025-08-27T14:59:33","date_gmt":"2025-08-27T13:59:33","guid":{"rendered":"https:\/\/dev.racefinder.pt\/event\/2a-edicao-trail-aldeia-da-granja\/"},"modified":"2025-08-27T14:59:33","modified_gmt":"2025-08-27T13:59:33","slug":"2a-edicao-trail-aldeia-da-granja","status":"publish","type":"product","link":"https:\/\/dev.racefinder.pt\/pt\/event\/2a-edicao-trail-aldeia-da-granja\/","title":{"rendered":"2\u00aa Edi\u00e7\u00e3o Trail Aldeia da Granja"},"content":{"rendered":"","protected":false},"excerpt":{"rendered":"","protected":false},"featured_media":10759,"comment_status":"open","ping_status":"closed","template":"","meta":{"_acf_changed":false,"footnotes":""},"product_brand":[],"product_cat":[129,139],"product_tag":[],"class_list":{"0":"post-10766","1":"product","2":"type-product","3":"status-publish","4":"has-post-thumbnail","6":"product_cat-corrida","7":"product_cat-trail-run-pt","9":"first","10":"instock","11":"shipping-taxable","12":"purchasable","13":"product-type-variable"},"acf":{"event_date_start":"20251123","event_date_end":"","event_start_time":"","event_country":"portugal","event_ticket_url":"https:\/\/www.trilhoperdido.com\/evento\/2-Trail-Aldeia-da-Granja","event_latitude":"41.0403","event_longitude":"-8.6502","event_rating":"","is_hot_event":false,"event_participants_count":"0","organizer_website":{"title":"","url":"","target":"","0":""},"organizer_avatar":false,"event_gallery":false,"event_location_text":"Granja","event_short_description":"<p data-start=\"2955\" data-end=\"3176\">A 2\u00aa Edi\u00e7\u00e3o Trail Aldeia da Granja realiza-se a <strong data-start=\"3000\" data-end=\"3026\">23 de novembro de 2025<\/strong>, em <strong data-start=\"3031\" data-end=\"3064\">Vialonga, Vila Franca de Xira<\/strong>, organizado pela <strong data-start=\"3082\" data-end=\"3116\">Sociedade Recreativa da Granja<\/strong>, com o apoio da C\u00e2mara Municipal e da Junta de Freguesia.<\/p>\n<p data-start=\"3178\" data-end=\"3510\">O evento apresenta <strong data-start=\"3197\" data-end=\"3214\">tr\u00eas desafios<\/strong>: o <strong data-start=\"3218\" data-end=\"3241\">Trail Longo (24 km)<\/strong>, o <strong data-start=\"3245\" data-end=\"3268\">Trail Curto (12 km)<\/strong> e uma <strong data-start=\"3275\" data-end=\"3296\">Caminhada de 8 km<\/strong>. Com o objetivo de dinamizar a pr\u00e1tica desportiva e promover o esp\u00edrito comunit\u00e1rio, o evento re\u00fane atletas de todo o pa\u00eds nos trilhos da Granja, em percursos com piso irregular, obst\u00e1culos naturais e estrad\u00f5es.<\/p>\n<p data-start=\"3512\" data-end=\"3629\">Num ambiente festivo e competitivo, o Trail Aldeia da Granja alia desporto, conv\u00edvio e respeito pelo meio ambiente.<\/p>\n","organizer_description":"<p data-start=\"895\" data-end=\"953\"><a class=\"decorated-link\" href=\"https:\/\/www.trilhoperdido.com\/admin\/upload\/ficheiros\/ficheirosMultimedia\/regulamento-trail-granja-2025.pdf\" target=\"_new\" rel=\"noopener\" data-start=\"898\" data-end=\"951\">Link do regulamento\u2197<\/a><\/p>\n<p data-start=\"3714\" data-end=\"3746\"><strong data-start=\"3714\" data-end=\"3743\">Escal\u00f5es et\u00e1rios\/divis\u00f5es<\/strong>:<\/p>\n<ul data-start=\"3747\" data-end=\"3927\">\n<li data-start=\"3747\" data-end=\"3859\">\n<p data-start=\"3749\" data-end=\"3859\">Trail Longo (24 km) &amp; Trail Curto (12 km) \u2013 maiores de 16 anos (menores de 18 com termo de responsabilidade)<\/p>\n<\/li>\n<li data-start=\"3860\" data-end=\"3927\">\n<p data-start=\"3862\" data-end=\"3927\">Caminhada (8 km) \u2013 todas as idades (menores de 16 acompanhados)<\/p>\n<\/li>\n<\/ul>\n<p data-start=\"3929\" data-end=\"3992\"><strong data-start=\"3929\" data-end=\"3948\">Partida\/chegada<\/strong>: Sociedade Recreativa da Granja, Vialonga<\/p>\n<p data-start=\"3994\" data-end=\"4047\"><strong data-start=\"3994\" data-end=\"4044\">Data &amp; hor\u00e1rios (23 de novembro 2025, domingo)<\/strong>:<\/p>\n<ul data-start=\"4048\" data-end=\"4260\">\n<li data-start=\"4048\" data-end=\"4084\">\n<p data-start=\"4050\" data-end=\"4084\">07h00 \u2013 Abertura do secretariado<\/p>\n<\/li>\n<li data-start=\"4085\" data-end=\"4125\">\n<p data-start=\"4087\" data-end=\"4125\">08h30 \u2013 Encerramento do secretariado<\/p>\n<\/li>\n<li data-start=\"4126\" data-end=\"4157\">\n<p data-start=\"4128\" data-end=\"4157\">09h00 \u2013 Partida Trail Longo<\/p>\n<\/li>\n<li data-start=\"4158\" data-end=\"4189\">\n<p data-start=\"4160\" data-end=\"4189\">09h10 \u2013 Partida Trail Curto<\/p>\n<\/li>\n<li data-start=\"4190\" data-end=\"4219\">\n<p data-start=\"4192\" data-end=\"4219\">09h20 \u2013 Partida Caminhada<\/p>\n<\/li>\n<li data-start=\"4220\" data-end=\"4260\">\n<p data-start=\"4222\" data-end=\"4260\">12h30 \u2013 In\u00edcio da entrega de pr\u00e9mios<\/p>\n<\/li>\n<\/ul>\n<p data-start=\"4262\" data-end=\"4296\"><strong data-start=\"4262\" data-end=\"4293\">Dist\u00e2ncias &amp; abastecimentos<\/strong>:<\/p>\n<ul data-start=\"4297\" data-end=\"4504\">\n<li data-start=\"4297\" data-end=\"4383\">\n<p data-start=\"4299\" data-end=\"4383\">Trail Longo \u2013 24 km, 2 postos de controlo + 2 abastecimentos (1 l\u00edquido, 1 s\u00f3lido)<\/p>\n<\/li>\n<li data-start=\"4384\" data-end=\"4456\">\n<p data-start=\"4386\" data-end=\"4456\">Trail Curto \u2013 12 km, 1 posto de controlo + 1 abastecimento (l\u00edquido)<\/p>\n<\/li>\n<li data-start=\"4457\" data-end=\"4504\">\n<p data-start=\"4459\" data-end=\"4504\">Caminhada \u2013 8 km, 1 abastecimento (l\u00edquido)<\/p>\n<\/li>\n<\/ul>\n<p data-start=\"4506\" data-end=\"4531\"><strong data-start=\"4506\" data-end=\"4528\">Taxas de inscri\u00e7\u00e3o<\/strong>:<\/p>\n<ul data-start=\"4532\" data-end=\"4696\">\n<li data-start=\"4532\" data-end=\"4568\">\n<p data-start=\"4534\" data-end=\"4568\">Trail Longo \u2013 16 \u20ac \u2192 17 \u20ac \u2192 19 \u20ac<\/p>\n<\/li>\n<li data-start=\"4569\" data-end=\"4605\">\n<p data-start=\"4571\" data-end=\"4605\">Trail Curto \u2013 12 \u20ac \u2192 13 \u20ac \u2192 15 \u20ac<\/p>\n<\/li>\n<li data-start=\"4606\" data-end=\"4696\">\n<p data-start=\"4608\" data-end=\"4696\">Caminhada \u2013 9 \u20ac \u2192 10 \u20ac \u2192 12 \u20ac<br data-start=\"4637\" data-end=\"4640\" \/>(Fases: 23\u201331 ago \u2192 1 set\u201315 out \u2192 16 out\u201316 nov 2025)<\/p>\n<\/li>\n<\/ul>\n<p data-start=\"4698\" data-end=\"4728\"><strong data-start=\"4698\" data-end=\"4725\">Levantamento de dorsais<\/strong>:<\/p>\n<ul data-start=\"4729\" data-end=\"4848\">\n<li data-start=\"4729\" data-end=\"4802\">\n<p data-start=\"4731\" data-end=\"4802\">22 nov (14h00\u201319h00) \u2013 secretariado na Sociedade Recreativa da Granja<\/p>\n<\/li>\n<li data-start=\"4803\" data-end=\"4848\">\n<p data-start=\"4805\" data-end=\"4848\">23 nov (a partir das 07h00) \u2013 mesmo local<\/p>\n<\/li>\n<\/ul>\n<p data-start=\"4850\" data-end=\"5050\"><strong data-start=\"4850\" data-end=\"4886\">Material obrigat\u00f3rio\/recomendado<\/strong>: dorsal vis\u00edvel, telem\u00f3vel (obrigat\u00f3rio), copo\/recipiente (obrigat\u00f3rio, sem copos fornecidos), apito, manta t\u00e9rmica, corta-vento, chap\u00e9u, mochila, identifica\u00e7\u00e3o.<\/p>\n<p data-start=\"5052\" data-end=\"5100\"><strong data-start=\"5052\" data-end=\"5069\">Cronometragem<\/strong>: chip (Trail Longo &amp; Curto).<\/p>\n<p data-start=\"5102\" data-end=\"5116\"><strong data-start=\"5102\" data-end=\"5113\">Pr\u00e9mios<\/strong>:<\/p>\n<ul data-start=\"5117\" data-end=\"5317\">\n<li data-start=\"5117\" data-end=\"5158\">\n<p data-start=\"5119\" data-end=\"5158\">Pr\u00e9mio finisher para todos os atletas<\/p>\n<\/li>\n<li data-start=\"5159\" data-end=\"5202\">\n<p data-start=\"5161\" data-end=\"5202\">P\u00f3dio geral (M\/F) \u2013 Trail Longo &amp; Curto<\/p>\n<\/li>\n<li data-start=\"5203\" data-end=\"5272\">\n<p data-start=\"5205\" data-end=\"5272\">P\u00f3dio por escal\u00e3o (MSeniores\/FSeniores &lt;39, M\/F40, M\/F50, M\/F60+)<\/p>\n<\/li>\n<li data-start=\"5273\" data-end=\"5317\">\n<p data-start=\"5275\" data-end=\"5317\">Pr\u00e9mio de equipa (melhores 3 resultados)<\/p>\n<\/li>\n<\/ul>\n","race_benefits":"<p data-start=\"726\" data-end=\"834\">\ud83c\udfbd <strong data-start=\"729\" data-end=\"746\">Kit de atleta<\/strong>: dorsal, seguro, t-shirt oficial, abastecimentos l\u00edquidos e s\u00f3lidos, duche, massagem.<\/p>\n<p data-start=\"836\" data-end=\"889\">\ud83c\udfc5 <strong data-start=\"839\" data-end=\"858\">Pr\u00e9mio finisher<\/strong> para todos os participantes.<\/p>\n<p data-start=\"891\" data-end=\"947\">\u23f1\ufe0f <strong data-start=\"894\" data-end=\"922\">Cronometragem eletr\u00f3nica<\/strong> (Trail Longo &amp; Curto).<\/p>\n<p data-start=\"949\" data-end=\"1024\">\ud83e\udd64 <strong data-start=\"952\" data-end=\"979\">Postos de abastecimento<\/strong> l\u00edquidos e s\u00f3lidos durante e ap\u00f3s a prova.<\/p>\n<p data-start=\"1026\" data-end=\"1067\">\ud83d\udebf <strong data-start=\"1029\" data-end=\"1052\">Balne\u00e1rios e duches<\/strong> dispon\u00edveis.<\/p>\n<p data-start=\"1069\" data-end=\"1111\">\ud83d\udc86 <strong data-start=\"1072\" data-end=\"1095\">Servi\u00e7o de massagem<\/strong> ap\u00f3s a prova.<\/p>\n<p data-start=\"1113\" data-end=\"1150\">\ud83d\udee1\ufe0f <strong data-start=\"1117\" data-end=\"1138\">Seguro desportivo<\/strong> inclu\u00eddo.<\/p>\n<p data-start=\"1152\" data-end=\"1195\">\ud83d\udcf8 <strong data-start=\"1155\" data-end=\"1192\">Cobertura fotogr\u00e1fica &amp; medi\u00e1tica<\/strong>.<\/p>\n<p data-start=\"1197\" data-end=\"1249\">\ud83c\udfc6 <strong data-start=\"1200\" data-end=\"1222\">Entrega de pr\u00e9mios<\/strong> individuais e coletivos.<\/p>\n"},"_links":{"self":[{"href":"https:\/\/dev.racefinder.pt\/pt\/wp-json\/wp\/v2\/product\/10766","targetHints":{"allow":["GET"]}}],"collection":[{"href":"https:\/\/dev.racefinder.pt\/pt\/wp-json\/wp\/v2\/product"}],"about":[{"href":"https:\/\/dev.racefinder.pt\/pt\/wp-json\/wp\/v2\/types\/product"}],"replies":[{"embeddable":true,"href":"https:\/\/dev.racefinder.pt\/pt\/wp-json\/wp\/v2\/comments?post=10766"}],"version-history":[{"count":0,"href":"https:\/\/dev.racefinder.pt\/pt\/wp-json\/wp\/v2\/product\/10766\/revisions"}],"wp:featuredmedia":[{"embeddable":true,"href":"https:\/\/dev.racefinder.pt\/pt\/wp-json\/wp\/v2\/media\/10759"}],"wp:attachment":[{"href":"https:\/\/dev.racefinder.pt\/pt\/wp-json\/wp\/v2\/media?parent=10766"}],"wp:term":[{"taxonomy":"product_brand","embeddable":true,"href":"https:\/\/dev.racefinder.pt\/pt\/wp-json\/wp\/v2\/product_brand?post=10766"},{"taxonomy":"product_cat","embeddable":true,"href":"https:\/\/dev.racefinder.pt\/pt\/wp-json\/wp\/v2\/product_cat?post=10766"},{"taxonomy":"product_tag","embeddable":true,"href":"https:\/\/dev.racefinder.pt\/pt\/wp-json\/wp\/v2\/product_tag?post=10766"}],"curies":[{"name":"wp","href":"https:\/\/api.w.org\/{rel}","templated":true}]}}