{"id":11249,"date":"2025-07-28T07:51:43","date_gmt":"2025-07-28T06:51:43","guid":{"rendered":"https:\/\/dev.racefinder.pt\/event\/zela-ultra-marathon\/"},"modified":"2025-07-28T07:51:43","modified_gmt":"2025-07-28T06:51:43","slug":"zela-ultra-marathon","status":"publish","type":"product","link":"https:\/\/dev.racefinder.pt\/pt\/event\/zela-ultra-marathon\/","title":{"rendered":"Zela Ultra Marathon"},"content":{"rendered":"","protected":false},"excerpt":{"rendered":"","protected":false},"featured_media":8375,"comment_status":"open","ping_status":"closed","template":"","meta":{"_acf_changed":false,"footnotes":""},"product_brand":[],"product_cat":[129,139],"product_tag":[],"class_list":{"0":"post-11249","1":"product","2":"type-product","3":"status-publish","4":"has-post-thumbnail","6":"product_cat-corrida","7":"product_cat-trail-run-pt","9":"first","10":"instock","11":"shipping-taxable","12":"purchasable","13":"product-type-variable"},"acf":{"event_date_start":"20260501","event_date_end":"20260502","event_start_time":"","event_country":"portugal","event_ticket_url":"https:\/\/stopandgo.net\/events\/zela-ultra-marathon-2026\/","event_latitude":"40.7229","event_longitude":"-8.1122","event_rating":"","is_hot_event":false,"event_participants_count":"0","organizer_website":{"title":"","url":"","target":"","0":""},"organizer_avatar":false,"event_gallery":false,"event_location_text":"Vouzela","event_short_description":"<div id=\"model-response-message-contentr_d1d744b115efb633\" class=\"markdown markdown-main-panel stronger enable-updated-hr-color\" dir=\"ltr\">\n<p>A <b>Zela Ultra Marathon (ZUM)<\/b> regressa para a sua 9.\u00aa edi\u00e7\u00e3o nos dias 1 e 2 de maio de 2026, nas c\u00e9nicas montanhas de Vouzela, Portugal. Organizado pela SpotCriativo Eventos com apoio local, o ZUM oferece uma experi\u00eancia imersiva de skyrunning em cinco dist\u00e2ncias, desde quil\u00f3metros verticais a desafios de montanha de m\u00e9dia dist\u00e2ncia.<\/p>\n<p>O evento enfatiza a autonomia, a autossufici\u00eancia e o fair play, proporcionando aos corredores um ambiente exigente, mas recompensador, com uma deslumbrante paisagem alpina. As corridas variam de acess\u00edveis para iniciantes a percursos de resist\u00eancia para especialistas, todos em formato circular ou linear em montanha.<\/p>\n<p>Tipo de Evento: Trail \/ Skyrunning<\/p>\n<p>Dist\u00e2ncias:<\/p>\n<ul>\n<li><b>KM Vertical Vasconha<\/b> (linear): 4 km<\/li>\n<li><b>Zela XS:<\/b> 14 km (900 D+)<\/li>\n<li><b>Zela S:<\/b> 24 km (1500 D+)<\/li>\n<li><b>Zela M:<\/b> 35 km (2400 D+)<\/li>\n<li><b>Zela L:<\/b> 55 km (3600 D+)<\/li>\n<\/ul>\n<p><b>Datas:<\/b><\/p>\n<ul>\n<li>1 de maio de 2026 \u2013 KM Vertical<\/li>\n<li>2 de maio de 2026 \u2013 Todas as outras dist\u00e2ncias<\/li>\n<\/ul>\n<p><b>Quem Pode Participar:<\/b><\/p>\n<ul>\n<li>Aberto a todos, com idades m\u00ednimas por prova (dos 14+ aos 23+)<\/li>\n<\/ul>\n<p><b>Afilia\u00e7\u00e3o:<\/b><\/p>\n<ul>\n<li>Supervisionado pela Federa\u00e7\u00e3o de Campismo e Montanhismo de Portugal (FCMP)<\/li>\n<li>Parte das classifica\u00e7\u00f5es nacionais de skyrunning<\/li>\n<\/ul>\n<p><b>Ambiente:<\/b><\/p>\n<ul>\n<li>Competitivo, mas com foco na comunidade<\/li>\n<li>Limitado a 700 participantes para manter a qualidade e a seguran\u00e7a<\/li>\n<li>Conhecido pelo forte envolvimento e apoio local<\/li>\n<\/ul>\n<\/div>\n","organizer_description":"<p data-start=\"2259\" data-end=\"2343\"><strong data-start=\"2259\" data-end=\"2279\"><a href=\"https:\/\/stopandgo.com.pt\/files\/zela-ultra-marathon-2026\/686bf9d703b0c_ZUM_regulamento_7.0.pdf\">Link do regulamento<\/a><\/strong><\/p>\n<p><strong>Hor\u00e1rios de partida e tempos limite:<\/strong><br \/>\nKM Vertical (1 de maio): 17:30 (tempo limite 90 min)<br \/>\nXS (14 km): 10:00 \u2013 limite 4h<br \/>\nS (24 km): 09:00 \u2013 limite 6h<br \/>\nM (35 km): 08:00 \u2013 limite 8h<br \/>\nL (55 km): 07:30 \u2013 limite 12h<\/p>\n<p><strong>Local de partida\/chegada:<\/strong><br \/>\nTodas as provas t\u00eam partida e chegada em Vouzela (exceto KM Vertical \u2013 ponto a ponto)<\/p>\n<p><strong>Categorias:<\/strong><br \/>\nP\u00f3dios por escal\u00e3o et\u00e1rio de F\/M 45 a F\/M 60<br \/>\nMasters competem individualmente no \u00e2mbito do World Masters Trail<\/p>\n<p><strong>Cronometragem:<\/strong><br \/>\nChip eletr\u00f3nico com seguimento GPS em percursos designados<br \/>\nVerifica\u00e7\u00f5es surpresa de equipamento e pontos de controlo ao longo do percurso<\/p>\n<p><strong>Equipamento obrigat\u00f3rio:<\/strong><br \/>\nM\u00ednimo 1L de l\u00edquido, manta t\u00e9rmica, casaco imperme\u00e1vel, telem\u00f3vel, apito e lanterna frontal (ajustado conforme condi\u00e7\u00f5es meteorol\u00f3gicas)<\/p>\n<p><strong>Regras de estrada:<\/strong><br \/>\nSem cortes de tr\u00e2nsito \u2013 os participantes devem respeitar as regras de circula\u00e7\u00e3o pedonal<\/p>\n","race_benefits":"<div id=\"model-response-message-contentr_d64c78218ba79c3a\" class=\"markdown markdown-main-panel stronger enable-updated-hr-color\" dir=\"ltr\">\n<p>\ud83c\udfbd Kit do Atleta: dorsal + guia de prova digital<\/p>\n<p>\ud83c\udfc5 Medalha de Finisher + tradicional \u201cPastel de Vouzela\u201d<\/p>\n<p>\u23f1\ufe0f Cronometragem com GPS ao vivo e classifica\u00e7\u00e3o por chip<\/p>\n<p>\ud83d\udedf Equipas m\u00e9dicas e unidades de resgate em montanha<\/p>\n<p>\ud83d\udee1\ufe0f Seguro de acidentes pessoais<\/p>\n<p>\ud83e\udd64 Postos de abastecimento com nutri\u00e7\u00e3o s\u00f3lida e l\u00edquida<\/p>\n<p>\ud83d\udebf Balne\u00e1rios dispon\u00edveis<\/p>\n<p>\ud83d\udccd Transporte local gratuito para as partidas (p. ex., KM Vertical)<\/p>\n<p>Extras Opcionais:<\/p>\n<ul>\n<li>\ud83d\udce6 Item surpresa (5\u20ac)<\/li>\n<li>\ud83e\uddc1 Doce tradicional de finisher<\/li>\n<li>\ud83d\udcb8 Seguro com op\u00e7\u00e3o de reembolso (6\u20ac)<\/li>\n<li>\ud83c\udfbd T-shirt oficial da IX edi\u00e7\u00e3o (10\u20ac)\n<p>Pr\u00e9mios Monet\u00e1rios:<\/li>\n<li>Pr\u00e9mios em dinheiro dispon\u00edveis para todas as dist\u00e2ncias (detalhes a anunciar)<\/li>\n<li>Deve estar presente no p\u00f3dio para reclamar o pr\u00e9mio<\/li>\n<\/ul>\n<\/div>\n"},"_links":{"self":[{"href":"https:\/\/dev.racefinder.pt\/pt\/wp-json\/wp\/v2\/product\/11249","targetHints":{"allow":["GET"]}}],"collection":[{"href":"https:\/\/dev.racefinder.pt\/pt\/wp-json\/wp\/v2\/product"}],"about":[{"href":"https:\/\/dev.racefinder.pt\/pt\/wp-json\/wp\/v2\/types\/product"}],"replies":[{"embeddable":true,"href":"https:\/\/dev.racefinder.pt\/pt\/wp-json\/wp\/v2\/comments?post=11249"}],"version-history":[{"count":0,"href":"https:\/\/dev.racefinder.pt\/pt\/wp-json\/wp\/v2\/product\/11249\/revisions"}],"wp:featuredmedia":[{"embeddable":true,"href":"https:\/\/dev.racefinder.pt\/pt\/wp-json\/wp\/v2\/media\/8375"}],"wp:attachment":[{"href":"https:\/\/dev.racefinder.pt\/pt\/wp-json\/wp\/v2\/media?parent=11249"}],"wp:term":[{"taxonomy":"product_brand","embeddable":true,"href":"https:\/\/dev.racefinder.pt\/pt\/wp-json\/wp\/v2\/product_brand?post=11249"},{"taxonomy":"product_cat","embeddable":true,"href":"https:\/\/dev.racefinder.pt\/pt\/wp-json\/wp\/v2\/product_cat?post=11249"},{"taxonomy":"product_tag","embeddable":true,"href":"https:\/\/dev.racefinder.pt\/pt\/wp-json\/wp\/v2\/product_tag?post=11249"}],"curies":[{"name":"wp","href":"https:\/\/api.w.org\/{rel}","templated":true}]}}