{"id":12416,"date":"2025-09-10T00:14:52","date_gmt":"2025-09-09T23:14:52","guid":{"rendered":"https:\/\/dev.racefinder.pt\/?post_type=product&#038;p=12416"},"modified":"2025-11-10T03:01:19","modified_gmt":"2025-11-10T03:01:19","slug":"viagens-na-minha-terra-2025","status":"publish","type":"product","link":"https:\/\/dev.racefinder.pt\/pt\/event\/viagens-na-minha-terra-2025\/","title":{"rendered":"VIAGENS NA MINHA TERRA 2025"},"content":{"rendered":"","protected":false},"excerpt":{"rendered":"","protected":false},"featured_media":12482,"comment_status":"open","ping_status":"closed","template":"","meta":{"_acf_changed":false,"footnotes":""},"product_brand":[],"product_cat":[130,193,212,129,140],"product_tag":[],"class_list":{"0":"post-12416","1":"product","2":"type-product","3":"status-publish","4":"has-post-thumbnail","6":"product_cat-ciclismo","7":"product_cat-btt-pt-2","8":"product_cat-ciclismo-de-estrada","9":"product_cat-corrida","10":"product_cat-caminhada","12":"first","13":"instock","14":"shipping-taxable","15":"purchasable","16":"product-type-variable"},"acf":{"event_short_description":"<p>Viagens na Minha Terra 2025 \u00e9 um evento de ciclismo e caminhada que ocorrer\u00e1 no domingo, 9 de novembro de 2025, em Santar\u00e9m, Portugal. O evento oferece v\u00e1rias dist\u00e2ncias, incluindo 48 km de BTT, 22 km BTT Light, 60 km de ciclismo de estrada e 11 km de caminhada.<\/p>\n<p>O evento est\u00e1 aberto a todos os participantes, sem necessidade de licen\u00e7a. Com uma variedade de percursos, atende tanto ciclistas competitivos quanto caminhantes recreativos, promovendo uma atmosfera festiva e inclusiva.<\/p>\n<p>Viagens na Minha Terra 2025 proporciona oportunidades para participa\u00e7\u00e3o individual em diferentes disciplinas de ciclismo e caminhada, tornando-o um evento vers\u00e1til para atletas e entusiastas ao ar livre.<\/p>\n","organizer_description":"<p><strong>Hora de in\u00edcio:<\/strong> 9 de novembro de 2025 \u00e0s 09:00<\/p>\n<p><strong>Prazo de inscri\u00e7\u00e3o:<\/strong> 3 de novembro de 2025 \u00e0s 23:59<\/p>\n<p><strong>Localiza\u00e7\u00e3o:<\/strong> Santar\u00e9m, Portugal<\/p>\n<p><strong>Dist\u00e2ncias:<\/strong><br \/>\u2022 BTT 48 km<br \/>\u2022 BTT Light 22 km<br \/>\u2022 Ciclismo de estrada 60 km<br \/>\u2022 Caminhada 11 km<\/p>\n<p><strong>Taxa de inscri\u00e7\u00e3o:<\/strong> 15,00 \u20ac<\/p>\n<p><strong>Contato:<\/strong> +351 938 762 396<\/p>\n","race_benefits":"<p>\ud83c\udfbd Kit do atleta: inclui dorsal e pulseira do evento<br \/>\n\ud83c\udfc5 Pr\u00e9mio finisher: medalha<br \/>\n\u23f1\ufe0f Cronometragem e resultados ao vivo por categoria<br \/>\n\ud83d\udedf Apoio de seguran\u00e7a: assist\u00eancia m\u00e9dica dispon\u00edvel<br \/>\n\ud83e\udd64 Postos de apoio com hidrata\u00e7\u00e3o e alimenta\u00e7\u00e3o<br \/>\n\ud83d\udebf Chuveiros e balne\u00e1rios no local<br \/>\n\ud83d\udcf8 Cobertura fotogr\u00e1fica e v\u00eddeo<br \/>\n\ud83c\udfc6 Pr\u00e9mios e trof\u00e9us para os melhores classificados<\/p>\n","event_date_start":"20251109","event_date_end":"20251109","event_start_time":"","event_country":"portugal","event_ticket_url":"https:\/\/apedalar.pt\/eventos\/4016\/info","event_latitude":"39.2363","event_longitude":"-8.6867","event_rating":"","is_hot_event":false,"event_participants_count":"0","organizer_avatar":false,"event_gallery":false,"event_location_text":"Santar\u00e9m","organizer_website":{"title":"","url":"","target":"","0":""}},"_links":{"self":[{"href":"https:\/\/dev.racefinder.pt\/pt\/wp-json\/wp\/v2\/product\/12416","targetHints":{"allow":["GET"]}}],"collection":[{"href":"https:\/\/dev.racefinder.pt\/pt\/wp-json\/wp\/v2\/product"}],"about":[{"href":"https:\/\/dev.racefinder.pt\/pt\/wp-json\/wp\/v2\/types\/product"}],"replies":[{"embeddable":true,"href":"https:\/\/dev.racefinder.pt\/pt\/wp-json\/wp\/v2\/comments?post=12416"}],"version-history":[{"count":1,"href":"https:\/\/dev.racefinder.pt\/pt\/wp-json\/wp\/v2\/product\/12416\/revisions"}],"predecessor-version":[{"id":12417,"href":"https:\/\/dev.racefinder.pt\/pt\/wp-json\/wp\/v2\/product\/12416\/revisions\/12417"}],"wp:featuredmedia":[{"embeddable":true,"href":"https:\/\/dev.racefinder.pt\/pt\/wp-json\/wp\/v2\/media\/12482"}],"wp:attachment":[{"href":"https:\/\/dev.racefinder.pt\/pt\/wp-json\/wp\/v2\/media?parent=12416"}],"wp:term":[{"taxonomy":"product_brand","embeddable":true,"href":"https:\/\/dev.racefinder.pt\/pt\/wp-json\/wp\/v2\/product_brand?post=12416"},{"taxonomy":"product_cat","embeddable":true,"href":"https:\/\/dev.racefinder.pt\/pt\/wp-json\/wp\/v2\/product_cat?post=12416"},{"taxonomy":"product_tag","embeddable":true,"href":"https:\/\/dev.racefinder.pt\/pt\/wp-json\/wp\/v2\/product_tag?post=12416"}],"curies":[{"name":"wp","href":"https:\/\/api.w.org\/{rel}","templated":true}]}}