{"id":12869,"date":"2025-09-13T00:07:37","date_gmt":"2025-09-12T23:07:37","guid":{"rendered":"https:\/\/dev.racefinder.pt\/?post_type=product&#038;p=12869"},"modified":"2025-09-15T15:20:04","modified_gmt":"2025-09-15T14:20:04","slug":"ipo-run-porto","status":"publish","type":"product","link":"https:\/\/dev.racefinder.pt\/pt\/event\/ipo-run-porto\/","title":{"rendered":"IPO Run Porto"},"content":{"rendered":"","protected":false},"excerpt":{"rendered":"","protected":false},"featured_media":13036,"comment_status":"open","ping_status":"closed","template":"","meta":{"_acf_changed":false,"footnotes":""},"product_brand":[],"product_cat":[129,246,140],"product_tag":[],"class_list":{"0":"post-12869","1":"product","2":"type-product","3":"status-publish","4":"has-post-thumbnail","6":"product_cat-corrida","7":"product_cat-corrida-de-rua","8":"product_cat-caminhada","10":"first","11":"instock","12":"shipping-taxable","13":"purchasable","14":"product-type-variable"},"acf":{"event_short_description":"<p>A <strong data-start=\"1934\" data-end=\"1955\">Corrida IPO Porto<\/strong> realiza-se no <strong data-start=\"1970\" data-end=\"2006\">dia 5 de outubro de 2025 (10h00)<\/strong>, com <strong data-start=\"2012\" data-end=\"2046\">partida e chegada no IPO Porto<\/strong>. Organizada pela <strong data-start=\"2064\" data-end=\"2076\">Runporto<\/strong>, com apoio do Munic\u00edpio do Porto e v\u00e1rias entidades locais, integra uma <strong data-start=\"2149\" data-end=\"2180\">Corrida &amp; Caminhada de 5 km<\/strong> num percurso urbano e plano pela zona da <strong data-start=\"2222\" data-end=\"2233\">Asprela<\/strong>.<br data-start=\"2234\" data-end=\"2237\" \/>\u00c9 um evento inclusivo e solid\u00e1rio (inscri\u00e7\u00f5es a favor do <strong data-start=\"2294\" data-end=\"2307\">IPO Porto<\/strong>), aberto a <strong data-start=\"2319\" data-end=\"2338\">todas as idades<\/strong>, com pr\u00e9mios para os <strong data-start=\"2360\" data-end=\"2375\">3 primeiros<\/strong> masculinos e femininos na corrida de 5 km e uma caminhada descontra\u00edda sem classifica\u00e7\u00f5es.<\/p>\n","organizer_description":"<ul>\n<li data-start=\"2488\" data-end=\"2540\">\n<p data-start=\"2490\" data-end=\"2540\"><strong data-start=\"2490\" data-end=\"2506\">Data e hora:<\/strong> Domingo, <strong data-start=\"2516\" data-end=\"2538\">5 out 2025 \u2013 10h00<\/strong><\/p>\n<\/li>\n<li data-start=\"2541\" data-end=\"2627\">\n<p data-start=\"2543\" data-end=\"2627\"><strong data-start=\"2543\" data-end=\"2558\">Dist\u00e2ncias:<\/strong> <strong data-start=\"2559\" data-end=\"2575\">5 km Corrida<\/strong> (com classifica\u00e7\u00e3o) &amp; <strong data-start=\"2598\" data-end=\"2616\">5 km Caminhada<\/strong> (l\u00fadica)<\/p>\n<\/li>\n<li data-start=\"2628\" data-end=\"2693\">\n<p data-start=\"2630\" data-end=\"2693\"><strong data-start=\"2630\" data-end=\"2650\">Partida\/chegada:<\/strong> <strong data-start=\"2651\" data-end=\"2664\">IPO Porto<\/strong> (parque de estacionamento)<\/p>\n<\/li>\n<li data-start=\"2694\" data-end=\"2768\">\n<p data-start=\"2696\" data-end=\"2768\"><strong data-start=\"2696\" data-end=\"2709\">Percurso:<\/strong> Urbano e plano pela Asprela. <strong data-start=\"2739\" data-end=\"2766\">Dura\u00e7\u00e3o m\u00e1xima: 2 horas<\/strong><\/p>\n<\/li>\n<li data-start=\"2769\" data-end=\"2905\">\n<p data-start=\"2771\" data-end=\"2872\"><strong data-start=\"2771\" data-end=\"2785\">Inscri\u00e7\u00e3o:<\/strong> <strong data-start=\"2786\" data-end=\"2793\">7 \u20ac<\/strong> at\u00e9 <strong data-start=\"2798\" data-end=\"2816\">30 de setembro<\/strong> (vagas limitadas; receita solid\u00e1ria para o IPO Porto)<\/p>\n<ul data-start=\"2875\" data-end=\"2905\">\n<li data-start=\"2875\" data-end=\"2905\">\n<p data-start=\"2877\" data-end=\"2905\">Online em <strong data-start=\"2887\" data-end=\"2903\">runporto.com<\/strong><\/p>\n<\/li>\n<\/ul>\n<\/li>\n<li data-start=\"2906\" data-end=\"3167\">\n<p data-start=\"2908\" data-end=\"2941\"><strong data-start=\"2908\" data-end=\"2939\">Levantamento de dorsal\/kit:<\/strong><\/p>\n<ul data-start=\"2944\" data-end=\"3167\">\n<li data-start=\"2944\" data-end=\"3019\">\n<p data-start=\"2946\" data-end=\"3019\"><strong data-start=\"2946\" data-end=\"2956\">4 out:<\/strong> 14h00\u201319h00 \u2013 IPO Porto, entrada principal (Cl\u00ednica da Mama)<\/p>\n<\/li>\n<li data-start=\"3022\" data-end=\"3097\">\n<p data-start=\"3024\" data-end=\"3097\"><strong data-start=\"3024\" data-end=\"3034\">5 out:<\/strong> 08h00\u201309h30 \u2013 IPO Porto, entrada principal (Cl\u00ednica da Mama)<\/p>\n<\/li>\n<li data-start=\"3100\" data-end=\"3167\">\n<p data-start=\"3102\" data-end=\"3167\">Levar <strong data-start=\"3108\" data-end=\"3138\">documento de identifica\u00e7\u00e3o<\/strong> e confirma\u00e7\u00e3o da inscri\u00e7\u00e3o<\/p>\n<\/li>\n<\/ul>\n<\/li>\n<li data-start=\"3168\" data-end=\"3203\">\n<p data-start=\"3170\" data-end=\"3203\"><strong data-start=\"3170\" data-end=\"3181\">Idades:<\/strong> <strong data-start=\"3182\" data-end=\"3201\">Todas as idades<\/strong><\/p>\n<\/li>\n<li data-start=\"3204\" data-end=\"3272\">\n<p data-start=\"3206\" data-end=\"3272\"><strong data-start=\"3206\" data-end=\"3225\">Pr\u00e9mios (5 km):<\/strong> <strong data-start=\"3226\" data-end=\"3235\">Top 3<\/strong> geral <strong data-start=\"3242\" data-end=\"3255\">masculino<\/strong> e <strong data-start=\"3258\" data-end=\"3270\">feminino<\/strong><\/p>\n<\/li>\n<li data-start=\"3273\" data-end=\"3430\">\n<p data-start=\"3275\" data-end=\"3430\"><strong data-start=\"3275\" data-end=\"3294\">Apoio &amp; regras:<\/strong> Assist\u00eancia m\u00e9dica na partida\/chegada e percurso; apoio da <strong data-start=\"3354\" data-end=\"3361\">PSP<\/strong>; seguro nos termos legais; cumprimento das instru\u00e7\u00f5es da organiza\u00e7\u00e3o<\/p>\n<\/li>\n<\/ul>\n","race_benefits":"<p data-start=\"646\" data-end=\"717\">\ud83c\udf97\ufe0f <strong data-start=\"650\" data-end=\"674\">Inscri\u00e7\u00e3o solid\u00e1ria:<\/strong> os <strong data-start=\"678\" data-end=\"685\">7 \u20ac<\/strong> revertem para o <strong data-start=\"702\" data-end=\"715\">IPO Porto<\/strong><\/p>\n<p data-start=\"720\" data-end=\"805\">\ud83d\udccd <strong data-start=\"723\" data-end=\"745\">Log\u00edstica simples:<\/strong> partida\/chegada no IPO e janelas pr\u00e1ticas de secretariado<\/p>\n<p data-start=\"808\" data-end=\"895\">\ud83d\udc68\u200d\ud83d\udc69\u200d\ud83d\udc67 <strong data-start=\"817\" data-end=\"839\">Formato inclusivo:<\/strong> 5K com classifica\u00e7\u00e3o + caminhada para todas as idades<\/p>\n<p data-start=\"898\" data-end=\"959\">\ud83d\ude91 <strong data-start=\"901\" data-end=\"924\">Seguran\u00e7a no local:<\/strong> equipas m\u00e9dicas e apoio policial<\/p>\n<p data-start=\"962\" data-end=\"1017\">\ud83e\udd64 <strong data-start=\"965\" data-end=\"989\">Abastecimento final:<\/strong> fornecido na zona de meta<\/p>\n<p data-start=\"1020\" data-end=\"1094\">\ud83d\udee1\ufe0f <strong data-start=\"1024\" data-end=\"1048\">Cobertura de seguro:<\/strong> desportivo obrigat\u00f3rio, conforme legisla\u00e7\u00e3o<\/p>\n<p data-start=\"1097\" data-end=\"1169\">\ud83c\udfc6 <strong data-start=\"1100\" data-end=\"1128\">Classifica\u00e7\u00f5es oficiais:<\/strong> pr\u00e9mios aos 3 primeiros (M\/F) nos 5 km<\/p>\n","event_date_start":"20251005","event_date_end":"20251005","event_start_time":"","event_country":"portugal","event_ticket_url":"https:\/\/runporto.com\/pt\/eventos\/corrida-ipo-porto\/corrida-ipo-porto-2025\/","event_latitude":"41.1621","event_longitude":"-8.6251","event_rating":"","is_hot_event":false,"event_participants_count":"0","organizer_avatar":false,"event_gallery":false,"event_location_text":"Porto","organizer_website":{"title":"","url":"","target":"","0":""}},"_links":{"self":[{"href":"https:\/\/dev.racefinder.pt\/pt\/wp-json\/wp\/v2\/product\/12869","targetHints":{"allow":["GET"]}}],"collection":[{"href":"https:\/\/dev.racefinder.pt\/pt\/wp-json\/wp\/v2\/product"}],"about":[{"href":"https:\/\/dev.racefinder.pt\/pt\/wp-json\/wp\/v2\/types\/product"}],"replies":[{"embeddable":true,"href":"https:\/\/dev.racefinder.pt\/pt\/wp-json\/wp\/v2\/comments?post=12869"}],"version-history":[{"count":2,"href":"https:\/\/dev.racefinder.pt\/pt\/wp-json\/wp\/v2\/product\/12869\/revisions"}],"predecessor-version":[{"id":13039,"href":"https:\/\/dev.racefinder.pt\/pt\/wp-json\/wp\/v2\/product\/12869\/revisions\/13039"}],"wp:featuredmedia":[{"embeddable":true,"href":"https:\/\/dev.racefinder.pt\/pt\/wp-json\/wp\/v2\/media\/13036"}],"wp:attachment":[{"href":"https:\/\/dev.racefinder.pt\/pt\/wp-json\/wp\/v2\/media?parent=12869"}],"wp:term":[{"taxonomy":"product_brand","embeddable":true,"href":"https:\/\/dev.racefinder.pt\/pt\/wp-json\/wp\/v2\/product_brand?post=12869"},{"taxonomy":"product_cat","embeddable":true,"href":"https:\/\/dev.racefinder.pt\/pt\/wp-json\/wp\/v2\/product_cat?post=12869"},{"taxonomy":"product_tag","embeddable":true,"href":"https:\/\/dev.racefinder.pt\/pt\/wp-json\/wp\/v2\/product_tag?post=12869"}],"curies":[{"name":"wp","href":"https:\/\/api.w.org\/{rel}","templated":true}]}}