{"id":13674,"date":"2025-09-20T00:02:33","date_gmt":"2025-09-19T23:02:33","guid":{"rendered":"https:\/\/dev.racefinder.pt\/?post_type=product&#038;p=13674"},"modified":"2025-12-02T03:01:33","modified_gmt":"2025-12-02T03:01:33","slug":"trilhas-a-pe-de-vila-presepio-alenquer","status":"publish","type":"product","link":"https:\/\/dev.racefinder.pt\/pt\/event\/trilhas-a-pe-de-vila-presepio-alenquer\/","title":{"rendered":"Caminhada Trilhos da Vila Pres\u00e9pio &#8211; Alenquer"},"content":{"rendered":"","protected":false},"excerpt":{"rendered":"","protected":false},"featured_media":13740,"comment_status":"open","ping_status":"closed","template":"","meta":{"_acf_changed":false,"footnotes":""},"product_brand":[],"product_cat":[129,140],"product_tag":[],"class_list":{"0":"post-13674","1":"product","2":"type-product","3":"status-publish","4":"has-post-thumbnail","6":"product_cat-corrida","7":"product_cat-caminhada","9":"first","10":"instock","11":"shipping-taxable","12":"purchasable","13":"product-type-variable"},"acf":{"event_short_description":"<p>A Caminhada Trilhos da Vila Pres\u00e9pio &#8211; Alenquer \u00e9 um evento de caminhada que decorrer\u00e1 a 7 de dezembro de 2025, na hist\u00f3rica vila de Alenquer. Os participantes ir\u00e3o percorrer um trilho de 13 km com 500 metros de desn\u00edvel positivo, com dificuldade classificada como 3 de 5.<\/p>\n<p>Este evento est\u00e1 aberto a todos que procuram aventura, contacto com a natureza e um mergulho na cultura local. O percurso combina paisagens naturais e patrim\u00f3nio cultural, passando por monumentos antigos, igrejas e vinhedos, oferecendo vistas deslumbrantes e uma experi\u00eancia \u00fanica, especialmente durante a \u00e9poca festiva do Natal.<\/p>\n<p>Organizado pela Sant&#8217;Aventura Caminhadas &amp; Desporto Natureza, esta caminhada proporciona uma atmosfera acolhedora e imersiva, permitindo aos participantes explorar os encantadores trilhos da Vila Pres\u00e9pio, ideal para amantes da natureza e da cultura.<\/p>\n","organizer_description":"<p><strong>Local de partida e chegada:<\/strong> Museu do Vinho, Alenquer<\/p>\n<p><strong>Data limite de inscri\u00e7\u00e3o:<\/strong> 7 de dezembro de 2025 ou at\u00e9 30 inscri\u00e7\u00f5es pagas<\/p>\n<p><strong>Dist\u00e2ncia:<\/strong> 13 km com 500 metros de desn\u00edvel positivo<\/p>\n<p><strong>N\u00edvel de dificuldade:<\/strong> 3\/5<\/p>\n<p><strong>Pre\u00e7o:<\/strong> 12\u20ac at\u00e9 5 de dezembro de 2025; 15\u20ac no dia 6 de dezembro de 2025<\/p>\n<p><strong>Inclu\u00eddo na inscri\u00e7\u00e3o:<\/strong> Guias certificados pelo Geoparque Oeste e Turismo de Portugal, seguro de acidentes pessoais, seguro de responsabilidade civil, reportagem fotogr\u00e1fica, abastecimento com ch\u00e1, caf\u00e9, sumos, \u00e1gua, vinho licoroso e biscoitos<\/p>\n<p><strong>Formas de pagamento:<\/strong> MB Way ou refer\u00eancia Multibanco com instru\u00e7\u00f5es enviadas por e-mail<\/p>\n<p><strong>Contactos para informa\u00e7\u00e3o:<\/strong> santaventurapt@gmail.com, infotrilhoperdido@gmail.com<\/p>\n","race_benefits":"<p>\ud83c\udfbd Guias certificados pelo Geoparque Oeste e Turismo de Portugal<br \/>\n\ud83d\udee1\ufe0f Seguro de acidentes pessoais e responsabilidade civil inclu\u00eddo<br \/>\n\ud83d\udcf8 Reportagem fotogr\u00e1fica do evento<br \/>\n\ud83e\udd64 Abastecimento com ch\u00e1, caf\u00e9, sumos, \u00e1gua, vinho licoroso e biscoitos durante o percurso<\/p>\n","event_start_time":"","event_country":"portugal","event_ticket_url":"https:\/\/www.trilhoperdido.com\/evento\/Caminhada-Trilhos-da-Vila-Presepio-Alenquer-2025","event_latitude":"39.0566","event_longitude":"-9.0076","event_rating":"","is_hot_event":false,"event_participants_count":"0","organizer_avatar":false,"event_gallery":false,"event_location_text":"Alenquer","event_date_start":"20251101","event_date_end":"20251201","organizer_website":{"title":"","url":"","target":"","0":""}},"_links":{"self":[{"href":"https:\/\/dev.racefinder.pt\/pt\/wp-json\/wp\/v2\/product\/13674","targetHints":{"allow":["GET"]}}],"collection":[{"href":"https:\/\/dev.racefinder.pt\/pt\/wp-json\/wp\/v2\/product"}],"about":[{"href":"https:\/\/dev.racefinder.pt\/pt\/wp-json\/wp\/v2\/types\/product"}],"replies":[{"embeddable":true,"href":"https:\/\/dev.racefinder.pt\/pt\/wp-json\/wp\/v2\/comments?post=13674"}],"version-history":[{"count":2,"href":"https:\/\/dev.racefinder.pt\/pt\/wp-json\/wp\/v2\/product\/13674\/revisions"}],"predecessor-version":[{"id":13754,"href":"https:\/\/dev.racefinder.pt\/pt\/wp-json\/wp\/v2\/product\/13674\/revisions\/13754"}],"wp:featuredmedia":[{"embeddable":true,"href":"https:\/\/dev.racefinder.pt\/pt\/wp-json\/wp\/v2\/media\/13740"}],"wp:attachment":[{"href":"https:\/\/dev.racefinder.pt\/pt\/wp-json\/wp\/v2\/media?parent=13674"}],"wp:term":[{"taxonomy":"product_brand","embeddable":true,"href":"https:\/\/dev.racefinder.pt\/pt\/wp-json\/wp\/v2\/product_brand?post=13674"},{"taxonomy":"product_cat","embeddable":true,"href":"https:\/\/dev.racefinder.pt\/pt\/wp-json\/wp\/v2\/product_cat?post=13674"},{"taxonomy":"product_tag","embeddable":true,"href":"https:\/\/dev.racefinder.pt\/pt\/wp-json\/wp\/v2\/product_tag?post=13674"}],"curies":[{"name":"wp","href":"https:\/\/api.w.org\/{rel}","templated":true}]}}