{"id":1497,"date":"2025-05-29T18:19:09","date_gmt":"2025-05-29T17:19:09","guid":{"rendered":"https:\/\/dev.racefinder.pt\/event\/granfondo-portimao\/"},"modified":"2025-11-03T03:08:53","modified_gmt":"2025-11-03T03:08:53","slug":"granfondo-portimao","status":"publish","type":"product","link":"https:\/\/dev.racefinder.pt\/pt\/event\/granfondo-portimao\/","title":{"rendered":"Granfondo Portim\u00e3o"},"content":{"rendered":"","protected":false},"excerpt":{"rendered":"","protected":false},"featured_media":1496,"comment_status":"open","ping_status":"closed","template":"","meta":{"_acf_changed":false,"footnotes":""},"product_brand":[],"product_cat":[130,212],"product_tag":[],"class_list":{"0":"post-1497","1":"product","2":"type-product","3":"status-publish","4":"has-post-thumbnail","6":"product_cat-ciclismo","7":"product_cat-ciclismo-de-estrada","9":"first","10":"instock","11":"shipping-taxable","12":"purchasable","13":"product-type-variable"},"acf":{"event_date_start":"20251102","event_date_end":"","event_start_time":"","event_country":"portugal","event_ticket_url":"https:\/\/cabreirasolutions.com\/event\/granfondo-portimao\/","event_rating":"","is_hot_event":false,"organizer_avatar":false,"event_gallery":false,"event_location_text":"Portim\u00e3o","event_short_description":"<p>\ud83d\udeb4\u200d\u2642\ufe0f O Granfondo Portim\u00e3o 2025 chega \u00e0 cidade algarvia no dia 2 de novembro, oferecendo aos entusiastas do ciclismo de estrada uma experi\u00eancia \u00fanica nas estradas do sul de Portugal. Com tr\u00eas percursos \u2014 Granfondo (130KM), Mediofondo (104KM) e Minifondo (69KM) \u2014 o evento destaca-se pela diversidade paisag\u00edstica e pelo excelente clima de outono do Algarve. <\/p>\n","organizer_name":"Cabreira Solutions","organizer_description":"<p>Cabreira Solutions<\/p>\n<p>geral@cabreirasolutions.com<\/p>\n","race_benefits":"<p>\u2705 Percursos desafiantes e bem sinalizados<br data-start=\"2251\" data-end=\"2254\">\u2705 Clima ameno e paisagens costeiras impressionantes<br data-start=\"2297\" data-end=\"2300\">\u2705 Organiza\u00e7\u00e3o experiente e suporte t\u00e9cnico ao longo de todo o trajeto<br data-start=\"2342\" data-end=\"2345\">\u2705 Ideal para encerrar a temporada com uma grande prova no sul de Portugal<\/p>\n","event_latitude":"37.1387","event_longitude":"-8.536998","organizer_website":{"title":"","url":"","target":"","0":"https:\/\/cabreirasolutions.com\/event\/granfondo-portimao\/"}},"_links":{"self":[{"href":"https:\/\/dev.racefinder.pt\/pt\/wp-json\/wp\/v2\/product\/1497","targetHints":{"allow":["GET"]}}],"collection":[{"href":"https:\/\/dev.racefinder.pt\/pt\/wp-json\/wp\/v2\/product"}],"about":[{"href":"https:\/\/dev.racefinder.pt\/pt\/wp-json\/wp\/v2\/types\/product"}],"replies":[{"embeddable":true,"href":"https:\/\/dev.racefinder.pt\/pt\/wp-json\/wp\/v2\/comments?post=1497"}],"version-history":[{"count":0,"href":"https:\/\/dev.racefinder.pt\/pt\/wp-json\/wp\/v2\/product\/1497\/revisions"}],"wp:featuredmedia":[{"embeddable":true,"href":"https:\/\/dev.racefinder.pt\/pt\/wp-json\/wp\/v2\/media\/1496"}],"wp:attachment":[{"href":"https:\/\/dev.racefinder.pt\/pt\/wp-json\/wp\/v2\/media?parent=1497"}],"wp:term":[{"taxonomy":"product_brand","embeddable":true,"href":"https:\/\/dev.racefinder.pt\/pt\/wp-json\/wp\/v2\/product_brand?post=1497"},{"taxonomy":"product_cat","embeddable":true,"href":"https:\/\/dev.racefinder.pt\/pt\/wp-json\/wp\/v2\/product_cat?post=1497"},{"taxonomy":"product_tag","embeddable":true,"href":"https:\/\/dev.racefinder.pt\/pt\/wp-json\/wp\/v2\/product_tag?post=1497"}],"curies":[{"name":"wp","href":"https:\/\/api.w.org\/{rel}","templated":true}]}}