{"id":2483,"date":"2025-06-17T15:48:30","date_gmt":"2025-06-17T14:48:30","guid":{"rendered":"https:\/\/dev.racefinder.pt\/event\/meia-maratona-leiria\/"},"modified":"2025-06-25T04:53:02","modified_gmt":"2025-06-25T04:53:02","slug":"meia-maratona-leiria","status":"publish","type":"product","link":"https:\/\/dev.racefinder.pt\/pt\/event\/meia-maratona-leiria\/","title":{"rendered":"Meia Maratona Leiria"},"content":{"rendered":"","protected":false},"excerpt":{"rendered":"","protected":false},"featured_media":2482,"comment_status":"open","ping_status":"closed","template":"","meta":{"_acf_changed":false,"footnotes":""},"product_brand":[],"product_cat":[129,225,244,161,140],"product_tag":[],"class_list":{"0":"post-2483","1":"product","2":"type-product","3":"status-publish","4":"has-post-thumbnail","6":"product_cat-corrida","7":"product_cat-10-km-pt","8":"product_cat-meia-maratona","9":"product_cat-kids-pt","10":"product_cat-caminhada","12":"first","13":"instock","14":"shipping-taxable","15":"purchasable","16":"product-type-variable"},"acf":{"event_date_start":"20251019","event_date_end":"","event_start_time":"","event_country":"portugal","event_ticket_url":"https:\/\/nativewarriors.pt\/evento\/meia-maratona-leiria-2025\/","event_latitude":"39.7439","event_longitude":"-8.8068","event_rating":"","is_hot_event":false,"organizer_avatar":false,"event_gallery":false,"event_location_text":"Leiria","event_short_description":"<p>A Meia Maratona de Leiria 2025 realiza-se a 19 de outubro, com partida no Jardim Lu\u00eds de Cam\u00f5es, no centro da cidade de Leiria. Trata-se de um evento certificado internacionalmente e reconhecido pela World Athletics, que alia competi\u00e7\u00e3o e emo\u00e7\u00e3o, sendo muito mais do que uma simples corrida.<br \/>\nCom dist\u00e2ncias para todos os n\u00edveis \u2014 Meia Maratona 21KM, 10KM, Caminhada de 5KM e Corrida Kids \u2014 este evento convida todos a sentir e viver a energia de Leiria. <\/p>\n","organizer_name":"Nativewarriors","organizer_description":"<p><a href=\"https:\/\/nativewarriors.pt\/\">Visite Nativewarriors\u2197<\/a><\/p>\n<p>Promovido pela C\u00e2mara Municipal de Leiria e com gest\u00e3o t\u00e9cnica da Nativewarriors, o evento \u00e9 certificado pela Federa\u00e7\u00e3o Portuguesa de Atletismo (FPA) e pela World Athletics. Conta com total apoio log\u00edstico e um ambiente repleto de energia e esp\u00edrito comunit\u00e1rio. <\/p>\n<p>geral@nativewarriors.pt<\/p>\n","race_benefits":"<p>\ud83c\udfbd T-shirt oficial do evento (opcional)<br data-start=\"2616\" data-end=\"2619\">\ud83d\udcdb Dorsal personalizado<br data-start=\"2645\" data-end=\"2648\">\u23f1\ufe0f Cronometragem com chip e resultados ao vivo (21K e 10K)<br data-start=\"2691\" data-end=\"2694\">\ud83d\udcb6 Pr\u00e9mios monet\u00e1rios para os melhores classificados (21K e 10K)<br data-start=\"2738\" data-end=\"2741\">\ud83c\udfc5 Medalha finisher (met\u00e1lica para 21K e 10K; MDF para Caminhada e Kids)<br data-start=\"2800\" data-end=\"2803\">\ud83e\udd64 Kit finisher: \u00e1gua + ma\u00e7\u00e3 + laranja (21K e 10K)<br data-start=\"2854\" data-end=\"2857\">\ud83c\udf81 Kit de participa\u00e7\u00e3o com dorsal, t-shirt (opcional) e brindes<br data-start=\"2919\" data-end=\"2922\">\ud83d\udc67 T-shirt t\u00e9cnica e medalha para participantes da Corrida Kids<br data-start=\"2979\" data-end=\"2982\">\ud83d\udea9 Pr\u00e9mio Meta Volante aos 7K (voucher para atletas dos 21K)<\/p>\n","event_participants_count":"0","organizer_website":{"title":"","url":"","target":"","0":""}},"_links":{"self":[{"href":"https:\/\/dev.racefinder.pt\/pt\/wp-json\/wp\/v2\/product\/2483","targetHints":{"allow":["GET"]}}],"collection":[{"href":"https:\/\/dev.racefinder.pt\/pt\/wp-json\/wp\/v2\/product"}],"about":[{"href":"https:\/\/dev.racefinder.pt\/pt\/wp-json\/wp\/v2\/types\/product"}],"replies":[{"embeddable":true,"href":"https:\/\/dev.racefinder.pt\/pt\/wp-json\/wp\/v2\/comments?post=2483"}],"version-history":[{"count":0,"href":"https:\/\/dev.racefinder.pt\/pt\/wp-json\/wp\/v2\/product\/2483\/revisions"}],"wp:featuredmedia":[{"embeddable":true,"href":"https:\/\/dev.racefinder.pt\/pt\/wp-json\/wp\/v2\/media\/2482"}],"wp:attachment":[{"href":"https:\/\/dev.racefinder.pt\/pt\/wp-json\/wp\/v2\/media?parent=2483"}],"wp:term":[{"taxonomy":"product_brand","embeddable":true,"href":"https:\/\/dev.racefinder.pt\/pt\/wp-json\/wp\/v2\/product_brand?post=2483"},{"taxonomy":"product_cat","embeddable":true,"href":"https:\/\/dev.racefinder.pt\/pt\/wp-json\/wp\/v2\/product_cat?post=2483"},{"taxonomy":"product_tag","embeddable":true,"href":"https:\/\/dev.racefinder.pt\/pt\/wp-json\/wp\/v2\/product_tag?post=2483"}],"curies":[{"name":"wp","href":"https:\/\/api.w.org\/{rel}","templated":true}]}}