{"id":2545,"date":"2025-06-18T15:49:15","date_gmt":"2025-06-18T14:49:15","guid":{"rendered":"https:\/\/dev.racefinder.pt\/event\/ultra-x-madeira\/"},"modified":"2025-11-03T03:08:53","modified_gmt":"2025-11-03T03:08:53","slug":"ultra-x-madeira","status":"publish","type":"product","link":"https:\/\/dev.racefinder.pt\/pt\/event\/ultra-x-madeira\/","title":{"rendered":"Ultra X Madeira"},"content":{"rendered":"","protected":false},"excerpt":{"rendered":"","protected":false},"featured_media":2544,"comment_status":"open","ping_status":"closed","template":"","meta":{"_acf_changed":false,"footnotes":""},"product_brand":[],"product_cat":[129,139,247],"product_tag":[],"class_list":{"0":"post-2545","1":"product","2":"type-product","3":"status-publish","4":"has-post-thumbnail","6":"product_cat-corrida","7":"product_cat-trail-run-pt","8":"product_cat-ultra-maratonas","10":"first","11":"instock","12":"shipping-taxable","13":"purchasable","14":"product-type-variable"},"acf":{"event_date_start":"20251101","event_date_end":"20251102","event_start_time":"","event_country":"portugal","event_ticket_url":"https:\/\/ultra-x.co\/pt\/madeira\/","event_latitude":"32.7166","event_longitude":"-16.7652","event_rating":"","is_hot_event":false,"organizer_avatar":false,"event_gallery":false,"event_location_text":"Machico, S\u00e3o Vicente, S\u00e3o Jorge \u2013 Madeira","event_short_description":"<p data-start=\"3088\" data-end=\"3399\">O <strong data-start=\"3090\" data-end=\"3114\">Ultra X Madeira 2025<\/strong> realiza-se a <strong data-start=\"3128\" data-end=\"3157\">1 e 2 de novembro de 2025<\/strong>, nos trilhos deslumbrantes da <strong data-start=\"3188\" data-end=\"3217\">Ilha da Madeira, Portugal<\/strong>. Organizado pela <strong data-start=\"3235\" data-end=\"3246\">Ultra X<\/strong>, o evento oferece <strong data-start=\"3265\" data-end=\"3286\">quatro dist\u00e2ncias<\/strong> entre 25 km e 110 km, permitindo aos atletas explorar as montanhas, a costa e as paisagens vulc\u00e2nicas da ilha.<\/p>\n<p data-start=\"3401\" data-end=\"3680\">A prova principal \u00e9 o <strong data-start=\"3423\" data-end=\"3441\">Ultra X 110 km<\/strong>, em formato de <strong data-start=\"3457\" data-end=\"3472\">duas etapas<\/strong>: <strong data-start=\"3474\" data-end=\"3503\">60 km no s\u00e1bado (Machico)<\/strong> e <strong data-start=\"3506\" data-end=\"3540\">50 km no domingo (S\u00e3o Vicente)<\/strong>, com acampamento noturno inclu\u00eddo para os participantes. As provas de uma s\u00f3 etapa incluem as op\u00e7\u00f5es de <strong data-start=\"3645\" data-end=\"3654\">60 km<\/strong>, <strong data-start=\"3656\" data-end=\"3665\">50 km<\/strong> e <strong data-start=\"3668\" data-end=\"3677\">25 km<\/strong>.<\/p>\n<p data-start=\"3682\" data-end=\"3890\">Com tempos limite generosos, qualifica\u00e7\u00e3o UTMB\u00ae (100K, 50K, 25K) e participa\u00e7\u00e3o internacional, o Ultra X Madeira \u00e9 um verdadeiro desafio de resist\u00eancia que alia desporto \u00e0 beleza natural e cultural da ilha.<\/p>\n","organizer_name":"Ultra X","organizer_description":"<p><a href=\"https:\/\/ultra-x.co\/wp-content\/uploads\/2025\/05\/Ultra-X-Maderia-2025-Race-Information-Pack-Combo-V5.pdf\">Link do regulamento\u2197<\/a><\/p>\n<p data-start=\"3960\" data-end=\"3986\"><strong data-start=\"3960\" data-end=\"3983\">Provas &amp; categorias<\/strong>:<\/p>\n<ul data-start=\"3987\" data-end=\"4236\">\n<li data-start=\"3987\" data-end=\"4071\">\n<p data-start=\"3989\" data-end=\"4071\"><strong data-start=\"3989\" data-end=\"4033\">Ultra X 110 km (2 etapas: 60 km + 50 km)<\/strong> \u2013 partidas em Machico &amp; S\u00e3o Vicente<\/p>\n<\/li>\n<li data-start=\"4072\" data-end=\"4124\">\n<p data-start=\"4074\" data-end=\"4124\"><strong data-start=\"4074\" data-end=\"4101\">Ultra X 60 km (1 etapa)<\/strong> \u2013 partida em Machico<\/p>\n<\/li>\n<li data-start=\"4125\" data-end=\"4181\">\n<p data-start=\"4127\" data-end=\"4181\"><strong data-start=\"4127\" data-end=\"4154\">Ultra X 50 km (1 etapa)<\/strong> \u2013 partida em S\u00e3o Vicente<\/p>\n<\/li>\n<li data-start=\"4182\" data-end=\"4236\">\n<p data-start=\"4184\" data-end=\"4236\"><strong data-start=\"4184\" data-end=\"4211\">Ultra X 25 km (1 etapa)<\/strong> \u2013 partida em S\u00e3o Jorge<\/p>\n<\/li>\n<\/ul>\n<p data-start=\"4238\" data-end=\"4261\"><strong data-start=\"4238\" data-end=\"4258\">Datas &amp; hor\u00e1rios<\/strong>:<\/p>\n<ul data-start=\"4262\" data-end=\"4460\">\n<li data-start=\"4262\" data-end=\"4331\">\n<p data-start=\"4264\" data-end=\"4331\">1 nov (s\u00e1bado) \u2013 05h00 \u2013 Ultra X 110 km (Etapa 1 \u2013 60 km) &amp; 60 km<\/p>\n<\/li>\n<li data-start=\"4332\" data-end=\"4402\">\n<p data-start=\"4334\" data-end=\"4402\">2 nov (domingo) \u2013 07h00 \u2013 Ultra X 110 km (Etapa 2 \u2013 50 km) &amp; 50 km<\/p>\n<\/li>\n<li data-start=\"4403\" data-end=\"4460\">\n<p data-start=\"4405\" data-end=\"4460\">2 nov (domingo) \u2013 hor\u00e1rio a confirmar \u2013 Ultra X 25 km<\/p>\n<\/li>\n<\/ul>\n<p data-start=\"4462\" data-end=\"4500\"><strong data-start=\"4462\" data-end=\"4497\">Check-in \/ levantamento dorsais<\/strong>:<\/p>\n<ul data-start=\"4501\" data-end=\"4612\">\n<li data-start=\"4501\" data-end=\"4557\">\n<p data-start=\"4503\" data-end=\"4557\">31 out \u2013 18h00\u201320h00, F\u00f3rum Machico (110 km &amp; 60 km)<\/p>\n<\/li>\n<li data-start=\"4558\" data-end=\"4612\">\n<p data-start=\"4560\" data-end=\"4612\">1 nov \u2013 18h00\u201320h00, F\u00f3rum Machico (50 km &amp; 25 km)<\/p>\n<\/li>\n<\/ul>\n<p data-start=\"4614\" data-end=\"4696\"><strong data-start=\"4614\" data-end=\"4632\">Abastecimentos<\/strong>: aprox. a cada 10 km, com \u00e1gua, sombra\/abrigo e apoio m\u00e9dico.<\/p>\n<p data-start=\"4698\" data-end=\"4776\"><strong data-start=\"4698\" data-end=\"4715\">Tempos limite<\/strong>: entre 2h30 e 4h por cada 10 km (rigorosamente aplicados).<\/p>\n<p data-start=\"4778\" data-end=\"4809\"><strong data-start=\"4778\" data-end=\"4806\">Alojamento &amp; transportes<\/strong>:<\/p>\n<ul data-start=\"4810\" data-end=\"4983\">\n<li data-start=\"4810\" data-end=\"4875\">\n<p data-start=\"4812\" data-end=\"4875\">Acampamento noturno inclu\u00eddo para atletas do 110 km (s\u00e1bado).<\/p>\n<\/li>\n<li data-start=\"4876\" data-end=\"4926\">\n<p data-start=\"4878\" data-end=\"4926\">Op\u00e7\u00e3o de acampamento\/shuttle extra para 60 km.<\/p>\n<\/li>\n<li data-start=\"4927\" data-end=\"4983\">\n<p data-start=\"4929\" data-end=\"4983\">Servi\u00e7o de shuttle dispon\u00edvel no regresso \u00e0 Machico.<\/p>\n<\/li>\n<\/ul>\n<p data-start=\"4985\" data-end=\"5025\"><strong data-start=\"4985\" data-end=\"5002\">Cronometragem<\/strong>: GPS tracker + chip.<\/p>\n<p data-start=\"5027\" data-end=\"5041\"><strong data-start=\"5027\" data-end=\"5038\">Pr\u00e9mios<\/strong>:<\/p>\n<ul data-start=\"5042\" data-end=\"5211\">\n<li data-start=\"5042\" data-end=\"5091\">\n<p data-start=\"5044\" data-end=\"5091\">Medalha finisher para todos os participantes.<\/p>\n<\/li>\n<li data-start=\"5092\" data-end=\"5211\">\n<p data-start=\"5094\" data-end=\"5211\"><strong data-start=\"5094\" data-end=\"5104\">110 km<\/strong>: fitas de medalha por tempo final (Preta &lt;16h, Branca &lt;20h, Azul &gt;20h, Verde \u2013 pr\u00e9mio sustentabilidade).<\/p>\n<\/li>\n<\/ul>\n<p data-start=\"5213\" data-end=\"5281\"><strong data-start=\"5213\" data-end=\"5228\">UTMB\u00ae Index<\/strong>: provas qualificam nas categorias 100K, 50K e 25K.<\/p>\n<p data-start=\"2325\" data-end=\"2391\">\n","race_benefits":"<p data-start=\"5305\" data-end=\"5391\">\ud83c\udfbd <strong data-start=\"5308\" data-end=\"5325\">Kit de atleta<\/strong>: dorsal, GPS tracker, seguro, abastecimentos, souvenir oficial.<\/p>\n<p data-start=\"5393\" data-end=\"5482\">\ud83c\udfc5 <strong data-start=\"5396\" data-end=\"5416\">Medalha finisher<\/strong> com fitas de diferentes cores (performance &amp; sustentabilidade).<\/p>\n<p data-start=\"5484\" data-end=\"5551\">\u23f1\ufe0f <strong data-start=\"5487\" data-end=\"5529\">Cronometragem com chip &amp; live tracking<\/strong> em todas as provas.<\/p>\n<p data-start=\"5553\" data-end=\"5621\">\ud83e\udd64 <strong data-start=\"5556\" data-end=\"5595\">Hidrata\u00e7\u00e3o, nutri\u00e7\u00e3o &amp; apoio m\u00e9dico<\/strong> nos postos de controlo.<\/p>\n<p data-start=\"5623\" data-end=\"5703\">\u26fa <strong data-start=\"5625\" data-end=\"5648\">Acampamento noturno<\/strong> inclu\u00eddo para atletas do 110 km (tendas fornecidas).<\/p>\n<p data-start=\"5705\" data-end=\"5772\">\ud83d\ude8c <strong data-start=\"5708\" data-end=\"5732\">Shuttles dispon\u00edveis<\/strong> entre etapas\/meta (extras opcionais).<\/p>\n<p data-start=\"5774\" data-end=\"5811\">\ud83d\udee1\ufe0f <strong data-start=\"5778\" data-end=\"5799\">Seguro desportivo<\/strong> inclu\u00eddo.<\/p>\n<p data-start=\"5813\" data-end=\"5856\">\ud83d\udcf8 <strong data-start=\"5816\" data-end=\"5853\">Cobertura fotogr\u00e1fica &amp; medi\u00e1tica<\/strong>.<\/p>\n<p data-start=\"5858\" data-end=\"5936\">\ud83c\udfc6 <strong data-start=\"5861\" data-end=\"5885\">Distin\u00e7\u00f5es especiais<\/strong>: fitas de performance e pr\u00e9mio sustentabilidade.<\/p>\n","event_participants_count":"0","organizer_website":{"title":"","url":"","target":"","0":""}},"_links":{"self":[{"href":"https:\/\/dev.racefinder.pt\/pt\/wp-json\/wp\/v2\/product\/2545","targetHints":{"allow":["GET"]}}],"collection":[{"href":"https:\/\/dev.racefinder.pt\/pt\/wp-json\/wp\/v2\/product"}],"about":[{"href":"https:\/\/dev.racefinder.pt\/pt\/wp-json\/wp\/v2\/types\/product"}],"replies":[{"embeddable":true,"href":"https:\/\/dev.racefinder.pt\/pt\/wp-json\/wp\/v2\/comments?post=2545"}],"version-history":[{"count":1,"href":"https:\/\/dev.racefinder.pt\/pt\/wp-json\/wp\/v2\/product\/2545\/revisions"}],"predecessor-version":[{"id":10822,"href":"https:\/\/dev.racefinder.pt\/pt\/wp-json\/wp\/v2\/product\/2545\/revisions\/10822"}],"wp:featuredmedia":[{"embeddable":true,"href":"https:\/\/dev.racefinder.pt\/pt\/wp-json\/wp\/v2\/media\/2544"}],"wp:attachment":[{"href":"https:\/\/dev.racefinder.pt\/pt\/wp-json\/wp\/v2\/media?parent=2545"}],"wp:term":[{"taxonomy":"product_brand","embeddable":true,"href":"https:\/\/dev.racefinder.pt\/pt\/wp-json\/wp\/v2\/product_brand?post=2545"},{"taxonomy":"product_cat","embeddable":true,"href":"https:\/\/dev.racefinder.pt\/pt\/wp-json\/wp\/v2\/product_cat?post=2545"},{"taxonomy":"product_tag","embeddable":true,"href":"https:\/\/dev.racefinder.pt\/pt\/wp-json\/wp\/v2\/product_tag?post=2545"}],"curies":[{"name":"wp","href":"https:\/\/api.w.org\/{rel}","templated":true}]}}