{"id":4357,"date":"2025-07-04T13:32:17","date_gmt":"2025-07-04T12:32:17","guid":{"rendered":"https:\/\/dev.racefinder.pt\/event\/forum-barreiro-night-run\/"},"modified":"2025-08-29T14:45:28","modified_gmt":"2025-08-29T13:45:28","slug":"forum-barreiro-night-run","status":"publish","type":"product","link":"https:\/\/dev.racefinder.pt\/pt\/event\/forum-barreiro-night-run\/","title":{"rendered":"Forum Barreiro Night Run"},"content":{"rendered":"","protected":false},"excerpt":{"rendered":"","protected":false},"featured_media":8353,"comment_status":"open","ping_status":"closed","template":"","meta":{"_acf_changed":false,"footnotes":""},"product_brand":[],"product_cat":[129,161,246],"product_tag":[],"class_list":{"0":"post-4357","1":"product","2":"type-product","3":"status-publish","4":"has-post-thumbnail","6":"product_cat-corrida","7":"product_cat-kids-pt","8":"product_cat-corrida-de-rua","10":"first","11":"instock","12":"shipping-taxable","13":"purchasable","14":"product-type-variable"},"acf":{"event_date_end":"","event_start_time":"","event_country":"portugal","event_latitude":"38.5341","event_longitude":"-8.9073","event_rating":"","is_hot_event":false,"event_participants_count":"0","organizer_avatar":false,"event_gallery":false,"event_location_text":"Set\u00fabal","event_date_start":"20260523","event_ticket_url":"https:\/\/fbnr.pt\/","organizer_website":{"title":"","url":"","target":"","0":""},"event_short_description":"<div id=\"model-response-message-contentr_e816c83ed07417c1\" class=\"markdown markdown-main-panel stronger enable-updated-hr-color\" dir=\"ltr\">\n<p>A <b>Forum Barreiro Night Run \u2013 10.\u00aa Edi\u00e7\u00e3o<\/b> ir\u00e1 iluminar as ruas do Barreiro \u00e0 noite, com dist\u00e2ncias de 10 km, 5 km e uma Corrida para Crian\u00e7as. Este evento comunit\u00e1rio e de caridade doa 10% das suas receitas a causas sociais, incentivando a participa\u00e7\u00e3o de todas as idades num ambiente noturno divertido, seguro e en\u00e9rgico.<\/p>\n<\/div>\n","organizer_description":"<p><strong>Categorias et\u00e1rias\/divis\u00f5es:<\/strong><br \/>\nKids Race: Benjamins A &amp; B (at\u00e9 12 anos)<br \/>\n10 km: Seniores (18\u201334), Vet I\u2013VII (35+)<br \/>\n5 km: Sem detalhes indicados<\/p>\n<p><strong>Local de partida\/chegada:<\/strong><br \/>\nForum Barreiro<\/p>\n<p><strong>WC e postos de abastecimento:<\/strong><br \/>\nPosto de bebidas aos 5 km e na meta; servi\u00e7o de saco de dep\u00f3sito dispon\u00edvel na partida<\/p>\n<p><strong>Estacionamento\/transportes:<\/strong><br \/>\nAtendimento ao cliente e localiza\u00e7\u00e3o em Cal\u00e7ada da Tapada, Lisboa<\/p>\n","race_benefits":"<div id=\"model-response-message-contentr_3154255d1528d5ca\" class=\"markdown markdown-main-panel stronger enable-updated-hr-color\" dir=\"ltr\">\n<p>\ud83c\udfaf <b>Evento de caridade:<\/b> 10% das receitas revertem para causas sociais.<\/p>\n<p>\ud83c\udf19 <b>Corrida noturna:<\/b> pelas ruas do Barreiro, perfeita para todos os n\u00edveis de prepara\u00e7\u00e3o f\u00edsica.<\/p>\n<p>\ud83d\udc66\ud83d\udc67 <b>Corrida para Crian\u00e7as:<\/b> com seguro de acidentes pessoais inclu\u00eddo.<\/p>\n<p>\ud83e\udd64 <b>Postos de abastecimento:<\/b> com bebidas ao quil\u00f3metro 5 e na meta.<\/p>\n<p>\ud83c\udf92 <b>Bengaleiro:<\/b> dispon\u00edvel na zona de partida.<\/p>\n<\/div>\n"},"_links":{"self":[{"href":"https:\/\/dev.racefinder.pt\/pt\/wp-json\/wp\/v2\/product\/4357","targetHints":{"allow":["GET"]}}],"collection":[{"href":"https:\/\/dev.racefinder.pt\/pt\/wp-json\/wp\/v2\/product"}],"about":[{"href":"https:\/\/dev.racefinder.pt\/pt\/wp-json\/wp\/v2\/types\/product"}],"replies":[{"embeddable":true,"href":"https:\/\/dev.racefinder.pt\/pt\/wp-json\/wp\/v2\/comments?post=4357"}],"version-history":[{"count":1,"href":"https:\/\/dev.racefinder.pt\/pt\/wp-json\/wp\/v2\/product\/4357\/revisions"}],"predecessor-version":[{"id":11256,"href":"https:\/\/dev.racefinder.pt\/pt\/wp-json\/wp\/v2\/product\/4357\/revisions\/11256"}],"wp:featuredmedia":[{"embeddable":true,"href":"https:\/\/dev.racefinder.pt\/pt\/wp-json\/wp\/v2\/media\/8353"}],"wp:attachment":[{"href":"https:\/\/dev.racefinder.pt\/pt\/wp-json\/wp\/v2\/media?parent=4357"}],"wp:term":[{"taxonomy":"product_brand","embeddable":true,"href":"https:\/\/dev.racefinder.pt\/pt\/wp-json\/wp\/v2\/product_brand?post=4357"},{"taxonomy":"product_cat","embeddable":true,"href":"https:\/\/dev.racefinder.pt\/pt\/wp-json\/wp\/v2\/product_cat?post=4357"},{"taxonomy":"product_tag","embeddable":true,"href":"https:\/\/dev.racefinder.pt\/pt\/wp-json\/wp\/v2\/product_tag?post=4357"}],"curies":[{"name":"wp","href":"https:\/\/api.w.org\/{rel}","templated":true}]}}