{"id":4421,"date":"2025-07-04T16:59:01","date_gmt":"2025-07-04T15:59:01","guid":{"rendered":"https:\/\/dev.racefinder.pt\/event\/corrida-do-dragao\/"},"modified":"2025-08-26T15:51:36","modified_gmt":"2025-08-26T14:51:36","slug":"corrida-do-dragao","status":"publish","type":"product","link":"https:\/\/dev.racefinder.pt\/pt\/event\/corrida-do-dragao\/","title":{"rendered":"Corrida do Drag\u00e3o"},"content":{"rendered":"","protected":false},"excerpt":{"rendered":"","protected":false},"featured_media":7737,"comment_status":"open","ping_status":"closed","template":"","meta":{"_acf_changed":false,"footnotes":""},"product_brand":[],"product_cat":[129,246,140],"product_tag":[],"class_list":{"0":"post-4421","1":"product","2":"type-product","3":"status-publish","4":"has-post-thumbnail","6":"product_cat-corrida","7":"product_cat-corrida-de-rua","8":"product_cat-caminhada","10":"first","11":"instock","12":"shipping-taxable","13":"purchasable","14":"product-type-variable"},"acf":{"event_date_start":"20251012","event_date_end":"","event_start_time":"","event_country":"portugal","event_ticket_url":"https:\/\/stopandgo.net\/events\/corrida-do-dragao-2025","event_latitude":"41.1616","event_longitude":"-8.6346","event_rating":"","is_hot_event":false,"event_participants_count":"0","organizer_avatar":false,"event_gallery":false,"event_location_text":"Porto","event_short_description":"<div id=\"model-response-message-contentr_d547d87d311dbfb3\" class=\"markdown markdown-main-panel stronger enable-updated-hr-color\" dir=\"ltr\">\n<p>A Corrida do Drag\u00e3o regressa \u00e0 cidade do Porto a 12 de outubro de 2025! Organizada pela GlobalSport, com o apoio do Futebol Clube do Porto e das autoridades locais, esta corrida de estrada convida corredores e caminhantes a desfrutarem de um ambiente festivo, com partida e chegada no Est\u00e1dio do Drag\u00e3o.<\/p>\n<p>H\u00e1 dois eventos dispon\u00edveis: uma <b>corrida de 10 km<\/b>, para atletas nascidos em 2007 ou antes, e uma <b>caminhada de 5 km<\/b>, aberta a todas as idades. Com um percurso urbano, um p\u00fablico de apoio e excelentes servi\u00e7os p\u00f3s-corrida, este evento une desporto, comunidade e divers\u00e3o num dia inesquec\u00edvel.<\/p>\n<\/div>\n","organizer_description":"<p><a href=\"https:\/\/stopandgo.com.pt\/files\/corrida-do-dragao-2025\/68752ec247aa5_Regulamento%20Corrida%20do%20Draga%CC%83o%202025.pdf\"><strong data-start=\"2979\" data-end=\"2995\">Link do regulamento\u2197<\/strong><\/a><\/p>\n<p><strong>Categorias\/Divis\u00f5es de Idade:<\/strong><br \/>\n10 km \u2013 aberto a corredores nascidos em 2007 ou antes<\/p>\n<p><strong>Local de Partida \/ Chegada:<\/strong><br \/>\nEst\u00e1dio do Drag\u00e3o, Porto<\/p>\n<p><strong>Hor\u00e1rios de Partida:<\/strong><\/p>\n<ul>\n<li>10 km \u2013 10:00<\/li>\n<li>5 km \u2013 10:00<\/li>\n<\/ul>\n<p><strong>Tempo Limite:<\/strong><br \/>\n10 km \u2013 1h30<\/p>\n<p><strong>Levantamento de Dorsais (Bib Pick-Up):<\/strong><\/p>\n<ul>\n<li>11 de outubro: 10:00\u201319:00 \u2013 Port\u00e3o 14, Est\u00e1dio do Drag\u00e3o<\/li>\n<li>12 de outubro: 08:00\u201309:00 \u2013 Port\u00e3o 14, Est\u00e1dio do Drag\u00e3o<\/li>\n<\/ul>\n<p><strong>Prazo de Inscri\u00e7\u00e3o:<\/strong><br \/>\n9 de outubro de 2025<\/p>\n<p><strong>Tipo de Piso:<\/strong><br \/>\nAsfalto \/ estrada<\/p>\n<p><strong>M\u00e9todo de Cronometragem:<\/strong><br \/>\nChip eletr\u00f4nico (apenas para 10 km)<\/p>\n<p><strong>Sanit\u00e1rios e Postos de Apoio:<\/strong><\/p>\n<ul>\n<li>10 km: posto de \u00e1gua aos 5 km<\/li>\n<li>Ambas as dist\u00e2ncias: refrescos na linha de chegada<\/li>\n<\/ul>\n<p><strong>Pol\u00edtica de Dep\u00f3sito de Bolsas:<\/strong><br \/>\nDep\u00f3sito dispon\u00edvel pr\u00f3ximo ao Port\u00e3o 16 das 09:00\u201312:00<\/p>\n","race_benefits":"<div id=\"model-response-message-contentr_f07bc67fc160bd4c\" class=\"markdown markdown-main-panel stronger enable-updated-hr-color\" dir=\"ltr\">\n<p>\u2705 Cronometragem e classifica\u00e7\u00e3o oficial (apenas para os 10 km)<\/p>\n<p>\ud83d\udc55 T-shirt oficial da corrida (uso obrigat\u00f3rio durante o evento)<\/p>\n<p>\ud83e\udd64 Abastecimentos durante a prova e na meta:<\/p>\n<p>10 km: \u00c1gua aos 5 km, lanche, bebida isot\u00f3nica, ma\u00e7\u00e3, medalha, Super Bock<\/p>\n<p>5 km: Ma\u00e7\u00e3, \u00e1gua, medalha<\/p>\n<p>\ud83d\udebf Balne\u00e1rios dispon\u00edveis no Pavilh\u00e3o Gimnodesportivo do Lagarteiro<\/p>\n<p>\ud83d\udce6 Servi\u00e7o de guarda-volumes perto da Porta 16 do est\u00e1dio (09h00-12h00)<\/p>\n<p>\ud83c\udfbd Dorsal personalizado e chip (para os participantes dos 10 km)<\/p>\n<p>\ud83d\udcf8 Fotografias oficiais do evento<\/p>\n<p>\ud83c\udfc6 Pr\u00e9mios para os 3 primeiros classificados (masculino e feminino) da geral<\/p>\n<p>\ud83d\ude91 Assist\u00eancia m\u00e9dica no local e seguro de prova<\/p>\n<p>\ud83d\udcdc Diploma de participa\u00e7\u00e3o digital (ap\u00f3s a prova)<\/p>\n<\/div>\n","organizer_website":{"title":"","url":"","target":"","0":""}},"_links":{"self":[{"href":"https:\/\/dev.racefinder.pt\/pt\/wp-json\/wp\/v2\/product\/4421","targetHints":{"allow":["GET"]}}],"collection":[{"href":"https:\/\/dev.racefinder.pt\/pt\/wp-json\/wp\/v2\/product"}],"about":[{"href":"https:\/\/dev.racefinder.pt\/pt\/wp-json\/wp\/v2\/types\/product"}],"replies":[{"embeddable":true,"href":"https:\/\/dev.racefinder.pt\/pt\/wp-json\/wp\/v2\/comments?post=4421"}],"version-history":[{"count":1,"href":"https:\/\/dev.racefinder.pt\/pt\/wp-json\/wp\/v2\/product\/4421\/revisions"}],"predecessor-version":[{"id":10447,"href":"https:\/\/dev.racefinder.pt\/pt\/wp-json\/wp\/v2\/product\/4421\/revisions\/10447"}],"wp:featuredmedia":[{"embeddable":true,"href":"https:\/\/dev.racefinder.pt\/pt\/wp-json\/wp\/v2\/media\/7737"}],"wp:attachment":[{"href":"https:\/\/dev.racefinder.pt\/pt\/wp-json\/wp\/v2\/media?parent=4421"}],"wp:term":[{"taxonomy":"product_brand","embeddable":true,"href":"https:\/\/dev.racefinder.pt\/pt\/wp-json\/wp\/v2\/product_brand?post=4421"},{"taxonomy":"product_cat","embeddable":true,"href":"https:\/\/dev.racefinder.pt\/pt\/wp-json\/wp\/v2\/product_cat?post=4421"},{"taxonomy":"product_tag","embeddable":true,"href":"https:\/\/dev.racefinder.pt\/pt\/wp-json\/wp\/v2\/product_tag?post=4421"}],"curies":[{"name":"wp","href":"https:\/\/api.w.org\/{rel}","templated":true}]}}