{"id":5732,"date":"2025-07-09T06:47:34","date_gmt":"2025-07-09T05:47:34","guid":{"rendered":"https:\/\/dev.racefinder.pt\/event\/ultra-blue-island-by-azores-trail-run\/"},"modified":"2025-08-29T14:41:05","modified_gmt":"2025-08-29T13:41:05","slug":"ultra-blue-island-by-azores-trail-run","status":"publish","type":"product","link":"https:\/\/dev.racefinder.pt\/pt\/event\/ultra-blue-island-by-azores-trail-run\/","title":{"rendered":"Ultra Blue Island by Azores Trail Run"},"content":{"rendered":"","protected":false},"excerpt":{"rendered":"","protected":false},"featured_media":2534,"comment_status":"open","ping_status":"closed","template":"","meta":{"_acf_changed":false,"footnotes":""},"product_brand":[],"product_cat":[129,161,139],"product_tag":[],"class_list":{"0":"post-5732","1":"product","2":"type-product","3":"status-publish","4":"has-post-thumbnail","6":"product_cat-corrida","7":"product_cat-kids-pt","8":"product_cat-trail-run-pt","10":"first","11":"instock","12":"shipping-taxable","13":"purchasable","14":"product-type-variable"},"acf":{"event_date_start":"20260501","event_date_end":"20260503","event_start_time":"","event_country":"portugal","event_ticket_url":"https:\/\/www.azorestrailrun.com\/","event_latitude":"38.5342","event_longitude":"-28.6306","event_rating":"","is_hot_event":false,"event_participants_count":"0","organizer_avatar":false,"event_gallery":false,"event_location_text":"Horta","event_full_address":"","event_short_description":"<div id=\"model-response-message-contentr_0ddd69f617a3f6d9\" class=\"markdown markdown-main-panel stronger enable-updated-hr-color\" dir=\"ltr\">\n<p>A prova <b>Ultra Blue Island\u00ae<\/b>, que ter\u00e1 lugar a 18 de abril de 2026 na deslumbrante ilha de S\u00e3o Miguel, nos A\u00e7ores, \u00e9 uma aventura de trail running por crateras vulc\u00e2nicas, florestas exuberantes e dram\u00e1ticas fal\u00e9sias costeiras. Este evento faz parte do Circuito Nacional de Trail, atraindo atletas de trail tanto de elite como amadores.<\/p>\n<p>Os participantes podem escolher entre quatro dist\u00e2ncias \u00e9picas: <b>Ultra de 110K<\/b>, <b>Trail Longo de 65K<\/b>, <b>Trail Curto de 25K<\/b> e uma rota introdut\u00f3ria de <b>15K<\/b>, que se adaptam a todos os n\u00edveis \u2014 desde corredores de ultra experientes a iniciantes que procuram a sua primeira experi\u00eancia de trail na ilha. O evento promete um ambiente imersivo, como se de um festival se tratasse, com celebra\u00e7\u00f5es na meta e um toque regional.<\/p>\n<p>\ud83c\udf0b Quer esteja \u00e0 procura de pontos para o \u00edndice UTMB, um p\u00f3dio ou um desafio inesquec\u00edvel atrav\u00e9s de campos de lava e lagos \u2014 esta \u00e9 uma corrida que n\u00e3o ir\u00e1 esquecer.<\/p>\n<\/div>\n","organizer_name":"","organizer_description":"<p data-start=\"2229\" data-end=\"2270\">\ud83d\udcce <a class=\"\" href=\"https:\/\/stopandgo.com.pt\/files\/ultra-blue-island-by-azores-trail-run-2026\/684f928390a1d_Regulamento%20Ultra%20Blue%20Island%C2%AE%EF%B8%8F%202026%20PT.pdf\" target=\"_new\" rel=\"noopener\" data-start=\"2232\" data-end=\"2270\">Full Regulation<\/a><\/p>\n<p><strong>Data:<\/strong><br \/>\n18 de abril de 2026<\/p>\n<p><strong>Local:<\/strong><br \/>\nIlha de S\u00e3o Miguel, A\u00e7ores (Ponta Delgada \u2013 Lagoa das Sete Cidades \u2013 Furnas)<\/p>\n<p><strong>Dist\u00e2ncias e hor\u00e1rios de partida:<\/strong><br \/>\n\ud83c\udfd4\ufe0f Ultra Trail 110K \u2013 05:00<br \/>\n\ud83c\udfde\ufe0f Long Trail 65K \u2013 07:00<br \/>\n\ud83c\udf32 Short Trail 25K \u2013 09:00<br \/>\n\ud83c\udf3f Trail 15K \u2013 10:00<\/p>\n<p><strong>Informa\u00e7\u00f5es do percurso:<\/strong><br \/>\nFormato: ponto a ponto (Ultra e Long) e em loop (Short e 15K)<br \/>\nTerreno: trilhos t\u00e9cnicos, rocha vulc\u00e2nica, caminhos de terra e fal\u00e9sias costeiras<br \/>\nCronometragem: chip eletr\u00f3nico<\/p>\n<p><strong>Tempos limite:<\/strong><br \/>\n110K \u2013 24h totais (com cut-offs interm\u00e9dios nos principais postos de controlo)<br \/>\n65K \u2013 15h<br \/>\n25K &amp; 15K \u2013 sem tempo limite<\/p>\n<p><strong>Levantamento de dorsais:<\/strong><br \/>\nLocal: Ponta Delgada (detalhes a anunciar)<br \/>\nDatas: 16\u201317 de abril de 2026<\/p>\n<p><strong>Categorias et\u00e1rias:<\/strong><br \/>\nAberto a atletas com 18+ anos (25K\u2013110K)<br \/>\n15K: participa\u00e7\u00e3o permitida a partir dos 16 anos com consentimento do encarregado de educa\u00e7\u00e3o<\/p>\n<p><strong>Outras informa\u00e7\u00f5es log\u00edsticas:<\/strong><br \/>\n\ud83d\udce6 Servi\u00e7o de saco de dep\u00f3sito dispon\u00edvel nos principais pontos de controlo<br \/>\n\ud83d\ude8d Servi\u00e7o de shuttle da meta para a partida (Ultra e Long Trail)<br \/>\n\ud83c\udd7f\ufe0f Estacionamento dispon\u00edvel nas zonas de partida<br \/>\n\ud83d\udebb WC e postos de abastecimento a cada 10\u201315 km<\/p>\n<p><strong>Condi\u00e7\u00f5es climat\u00e9ricas:<\/strong><br \/>\nClima oce\u00e2nico vari\u00e1vel (~12\u201318\u00b0C)<\/p>\n","race_benefits":"<div id=\"model-response-message-contentr_504cd0a8de94d6a1\" class=\"markdown markdown-main-panel stronger enable-updated-hr-color\" dir=\"ltr\">\n<p>\ud83c\udfbd <b>Kit do Atleta:<\/b><\/p>\n<ul>\n<li>T-shirt de corrida personalizada<\/li>\n<li>Dorsal personalizado<\/li>\n<li>Cronometragem com chip<\/li>\n<li>Saco de cord\u00e3o da marca<\/li>\n<li>Brindes dos parceiros<\/li>\n<\/ul>\n<p>\ud83c\udfc5 <b>Pr\u00e9mios de Finisher:<\/b><\/p>\n<ul>\n<li>Medalha de finisher \u00fanica (todas as dist\u00e2ncias)<\/li>\n<li>Trof\u00e9u especial para o top 3 (M\/F) por categoria<\/li>\n<\/ul>\n<p>\u23f1\ufe0f <b>Cronometragem ao vivo, tempos parciais e classifica\u00e7\u00f5es<\/b><\/p>\n<p>\ud83d\udedf <b>Patrulhas de seguran\u00e7a no percurso, resgate em montanha e equipas m\u00e9dicas<\/b><\/p>\n<p>\ud83d\udee1\ufe0f <b>Seguro completo<\/b> (acidentes pessoais + responsabilidade civil)<\/p>\n<p>\ud83e\udd64 <b>Postos de abastecimento regulares:<\/b> bebidas isot\u00f3nicas, \u00e1gua, fruta, barras<\/p>\n<p>\ud83d\udebf <b>Balne\u00e1rios e zona de recupera\u00e7\u00e3o na meta<\/b><\/p>\n<p>\ud83e\uddf3 <b>Transporte de sacos de apoio<\/b> para 110K e 65K<\/p>\n<p>\ud83d\udcf8 <b>Cobertura fotogr\u00e1fica<\/b> e destaques de drone<\/p>\n<p>\ud83d\ude8c <b>Transportes de vaiv\u00e9m<\/b> para\/de pontos estrat\u00e9gicos da prova<\/p>\n<p>\ud83c\udf72 <b>Refei\u00e7\u00e3o p\u00f3s-corrida<\/b> com gastronomia a\u00e7oriana<\/p>\n<\/div>\n","organizer_website":{"title":"","url":"","target":"","0":""}},"_links":{"self":[{"href":"https:\/\/dev.racefinder.pt\/pt\/wp-json\/wp\/v2\/product\/5732","targetHints":{"allow":["GET"]}}],"collection":[{"href":"https:\/\/dev.racefinder.pt\/pt\/wp-json\/wp\/v2\/product"}],"about":[{"href":"https:\/\/dev.racefinder.pt\/pt\/wp-json\/wp\/v2\/types\/product"}],"replies":[{"embeddable":true,"href":"https:\/\/dev.racefinder.pt\/pt\/wp-json\/wp\/v2\/comments?post=5732"}],"version-history":[{"count":1,"href":"https:\/\/dev.racefinder.pt\/pt\/wp-json\/wp\/v2\/product\/5732\/revisions"}],"predecessor-version":[{"id":5739,"href":"https:\/\/dev.racefinder.pt\/pt\/wp-json\/wp\/v2\/product\/5732\/revisions\/5739"}],"wp:featuredmedia":[{"embeddable":true,"href":"https:\/\/dev.racefinder.pt\/pt\/wp-json\/wp\/v2\/media\/2534"}],"wp:attachment":[{"href":"https:\/\/dev.racefinder.pt\/pt\/wp-json\/wp\/v2\/media?parent=5732"}],"wp:term":[{"taxonomy":"product_brand","embeddable":true,"href":"https:\/\/dev.racefinder.pt\/pt\/wp-json\/wp\/v2\/product_brand?post=5732"},{"taxonomy":"product_cat","embeddable":true,"href":"https:\/\/dev.racefinder.pt\/pt\/wp-json\/wp\/v2\/product_cat?post=5732"},{"taxonomy":"product_tag","embeddable":true,"href":"https:\/\/dev.racefinder.pt\/pt\/wp-json\/wp\/v2\/product_tag?post=5732"}],"curies":[{"name":"wp","href":"https:\/\/api.w.org\/{rel}","templated":true}]}}