{"id":5889,"date":"2025-07-09T10:28:50","date_gmt":"2025-07-09T09:28:50","guid":{"rendered":"https:\/\/dev.racefinder.pt\/event\/granfondo-serra-da-estrela-2\/"},"modified":"2025-08-29T14:50:56","modified_gmt":"2025-08-29T13:50:56","slug":"granfondo-serra-da-estrela-2","status":"publish","type":"product","link":"https:\/\/dev.racefinder.pt\/pt\/event\/granfondo-serra-da-estrela-2\/","title":{"rendered":"Granfondo Serra da Estrela"},"content":{"rendered":"","protected":false},"excerpt":{"rendered":"","protected":false},"featured_media":5359,"comment_status":"open","ping_status":"closed","template":"","meta":{"_acf_changed":false,"footnotes":""},"product_brand":[],"product_cat":[130,212],"product_tag":[],"class_list":{"0":"post-5889","1":"product","2":"type-product","3":"status-publish","4":"has-post-thumbnail","6":"product_cat-ciclismo","7":"product_cat-ciclismo-de-estrada","9":"first","10":"instock","11":"shipping-taxable","12":"purchasable","13":"product-type-variable"},"acf":{"event_date_start":"20260628","event_date_end":"","event_start_time":"","event_country":"portugal","event_ticket_url":"https:\/\/stopandgo.net\/events\/granfondo-serra-da-estrela-2026","event_latitude":"40.4149","event_longitude":"-7.705201","event_rating":"","is_hot_event":false,"event_participants_count":"0","organizer_avatar":false,"event_gallery":false,"event_location_text":"Seia","organizer_website":{"title":"","url":"","target":"","0":""},"event_short_description":"<div id=\"model-response-message-contentr_5fbb9a8e45de9e68\" class=\"markdown markdown-main-panel stronger enable-updated-hr-color\" dir=\"ltr\">\n<p>O <b>Granfondo Serra da Estrela<\/b> regressa para a sua 11.\u00aa edi\u00e7\u00e3o no dia 28 de junho de 2026, oferecendo uma das mais deslumbrantes aventuras de ciclismo em Portugal. Com partida e chegada em Seia, este \u00e9 um evento de ciclismo n\u00e3o competitivo que capta a ess\u00eancia da resist\u00eancia, da paix\u00e3o e da beleza natural.<\/p>\n<p>Os participantes podem escolher entre as dist\u00e2ncias de <b>Granfondo<\/b> e <b>Mediofondo<\/b>, ambas com segmentos cronometrados por chip que recompensam a consist\u00eancia e o esfor\u00e7o, e n\u00e3o a velocidade. O desafio? Subir ao cora\u00e7\u00e3o do Parque Natural da Serra da Estrela, a cadeia de montanhas mais alta de Portugal. \ud83c\udf32\u26f0\ufe0f<\/p>\n<p>Aberta a todos os ciclistas com 17 ou mais anos \u2014 federados ou n\u00e3o \u2014, a prova realiza-se sob as regras da UCI e das Provas Abertas da Federa\u00e7\u00e3o Portuguesa. Espere uma poderosa mistura de desafio pessoal, camaradagem e a inesquec\u00edvel experi\u00eancia de pedalar por terreno alpino intocado.<\/p>\n<p>Quer seja um ciclista experiente ou um entusiasta determinado, este \u00e9 o seu convite para pedalar acima das nuvens. \ud83c\udf24\ufe0f<\/p>\n<\/div>\n","organizer_description":"<p data-start=\"2091\" data-end=\"2253\"><a href=\"https:\/\/stopandgo.com.pt\/files\/granfondo-serra-da-estrela-2026\/6852ecffb0a57_Regulamento%20PT%202026.pdf\">Link do regulamento<\/a><\/p>\n<p><strong>Data:<\/strong><br \/>\nDomingo, 28 de junho de 2026<\/p>\n<p><strong>Local:<\/strong><br \/>\nSeia, Serra da Estrela, Portugal<\/p>\n<p><strong>Hora de partida:<\/strong><br \/>\n08:30 em ponto<\/p>\n<p><strong>Dist\u00e2ncias:<\/strong><br \/>\nGranfondo (para maiores de 19 anos)<br \/>\nMediofondo (para maiores de 17 anos)<\/p>\n<p><strong>Tipo de percurso:<\/strong><br \/>\nEstrada aberta (sem cortes de tr\u00e2nsito) \u2013 cumprimento obrigat\u00f3rio das regras de circula\u00e7\u00e3o<\/p>\n<p><strong>Formato:<\/strong><br \/>\nCronometragem individual por chip para classifica\u00e7\u00e3o geral e segmentos<\/p>\n<p><strong>Prazos de inscri\u00e7\u00e3o:<\/strong><br \/>\nEarly bird: at\u00e9 31 de dezembro de 2025 (45 \u20ac federados \/ 50 \u20ac n\u00e3o federados)<br \/>\nRegular: at\u00e9 31 de maio de 2026 (50 \u20ac \/ 55 \u20ac)<br \/>\nLate: at\u00e9 21 de junho de 2026 (55 \u20ac \/ 60 \u20ac)<br \/>\n\ud83d\udcce Inscri\u00e7\u00e3o online dispon\u00edvel<\/p>\n<p><strong>Caixas de partida:<\/strong><br \/>\nDefinidas por n\u00famero de dorsal e tempo de confirma\u00e7\u00e3o<\/p>\n<p><strong>Tempo limite:<\/strong><br \/>\nTodos os participantes devem terminar antes das 18:00<\/p>\n<p><strong>Condi\u00e7\u00f5es climat\u00e9ricas:<\/strong><br \/>\nVari\u00e1veis \u2013 calor nos vales e frio ou vento em altitude \ud83e\udde4<\/p>\n<p><strong>Tipo de superf\u00edcie:<\/strong><br \/>\n100% asfalto, com subidas prolongadas e descidas alpinas<\/p>\n<p data-start=\"2091\" data-end=\"2253\">\n","race_benefits":"<div id=\"model-response-message-contentr_7503a447022be05f\" class=\"markdown markdown-main-panel stronger enable-updated-hr-color\" dir=\"ltr\">\n<p>\ud83c\udfbd Kit do Atleta: Dorsal, chapa frontal, chip, nome personalizado (para quem se inscrever antecipadamente)<\/p>\n<p>\ud83c\udfc5 Pr\u00e9mio de Finisher: T-shirt oficial, medalha comemorativa e diploma de participa\u00e7\u00e3o<\/p>\n<p>\u23f1\ufe0f Cronometragem: Chip eletr\u00f3nico com classifica\u00e7\u00e3o por segmento<\/p>\n<p>\ud83d\udee1\ufe0f Seguro: Cobertura de acidentes pessoais e de responsabilidade civil inclu\u00edda atrav\u00e9s da FPC<\/p>\n<p>\ud83d\udedf Apoio M\u00e9dico: Equipas m\u00f3veis e ambul\u00e2ncias ao longo do percurso<\/p>\n<p>\ud83d\udee0\ufe0f Assist\u00eancia Mec\u00e2nica: Equipas m\u00f3veis e fixas (m\u00e3o de obra inclu\u00edda; pe\u00e7as \u00e0 parte)<\/p>\n<p>\ud83e\udd64 Postos de Abastecimento: Zonas de comida e hidrata\u00e7\u00e3o ao longo do percurso<\/p>\n<p>\ud83e\uddfc Ecorresponsabilidade: Descartar lixo no percurso resulta em desqualifica\u00e7\u00e3o! Contentores dispon\u00edveis em pontos chave<\/p>\n<p>\ud83d\udcf8 Comunica\u00e7\u00e3o: Cobertura fotogr\u00e1fica\/v\u00eddeo completa e direitos de imagem inclu\u00eddos<\/p>\n<p>\ud83d\udce6 Upgrade Premium: Inclui camisola oficial + partida na primeira fila (55\u20ac extra)<\/p>\n<\/div>\n"},"_links":{"self":[{"href":"https:\/\/dev.racefinder.pt\/pt\/wp-json\/wp\/v2\/product\/5889","targetHints":{"allow":["GET"]}}],"collection":[{"href":"https:\/\/dev.racefinder.pt\/pt\/wp-json\/wp\/v2\/product"}],"about":[{"href":"https:\/\/dev.racefinder.pt\/pt\/wp-json\/wp\/v2\/types\/product"}],"replies":[{"embeddable":true,"href":"https:\/\/dev.racefinder.pt\/pt\/wp-json\/wp\/v2\/comments?post=5889"}],"version-history":[{"count":1,"href":"https:\/\/dev.racefinder.pt\/pt\/wp-json\/wp\/v2\/product\/5889\/revisions"}],"predecessor-version":[{"id":11268,"href":"https:\/\/dev.racefinder.pt\/pt\/wp-json\/wp\/v2\/product\/5889\/revisions\/11268"}],"wp:featuredmedia":[{"embeddable":true,"href":"https:\/\/dev.racefinder.pt\/pt\/wp-json\/wp\/v2\/media\/5359"}],"wp:attachment":[{"href":"https:\/\/dev.racefinder.pt\/pt\/wp-json\/wp\/v2\/media?parent=5889"}],"wp:term":[{"taxonomy":"product_brand","embeddable":true,"href":"https:\/\/dev.racefinder.pt\/pt\/wp-json\/wp\/v2\/product_brand?post=5889"},{"taxonomy":"product_cat","embeddable":true,"href":"https:\/\/dev.racefinder.pt\/pt\/wp-json\/wp\/v2\/product_cat?post=5889"},{"taxonomy":"product_tag","embeddable":true,"href":"https:\/\/dev.racefinder.pt\/pt\/wp-json\/wp\/v2\/product_tag?post=5889"}],"curies":[{"name":"wp","href":"https:\/\/api.w.org\/{rel}","templated":true}]}}