{"id":6580,"date":"2025-07-10T06:28:52","date_gmt":"2025-07-10T05:28:52","guid":{"rendered":"https:\/\/dev.racefinder.pt\/event\/campeonato-nacional-de-downhill-urbano-dhu-de-porto-de-mos\/"},"modified":"2025-09-03T16:47:16","modified_gmt":"2025-09-03T15:47:16","slug":"campeonato-nacional-de-downhill-urbano-dhu-de-porto-de-mos","status":"publish","type":"product","link":"https:\/\/dev.racefinder.pt\/pt\/event\/campeonato-nacional-de-downhill-urbano-dhu-de-porto-de-mos\/","title":{"rendered":"Campeonato Nacional de Downhill Urbano &#8211; DHU de Porto de M\u00f3s"},"content":{"rendered":"","protected":false},"excerpt":{"rendered":"","protected":false},"featured_media":6496,"comment_status":"open","ping_status":"closed","template":"","meta":{"_acf_changed":false,"footnotes":""},"product_brand":[],"product_cat":[130,193],"product_tag":[],"class_list":{"0":"post-6580","1":"product","2":"type-product","3":"status-publish","4":"has-post-thumbnail","6":"product_cat-ciclismo","7":"product_cat-btt-pt-2","9":"first","10":"instock","11":"shipping-taxable","12":"product-type-variable"},"acf":{"event_date_start":"20250914","event_date_end":"","event_start_time":"","event_country":"portugal","event_latitude":"39.5900","event_longitude":"-8.8269","event_rating":"","is_hot_event":false,"event_participants_count":"0","organizer_avatar":false,"event_gallery":false,"event_location_text":"Porto de M\u00f3s\t","event_ticket_url":"https:\/\/www.fpciclismo.pt\/prova-inscrever\/campeonato-nacional-de-downhill-urbano-dhu-de-porto-de-mos-inscrever","event_short_description":"<p data-start=\"2394\" data-end=\"2771\">O <strong data-start=\"2396\" data-end=\"2458\">Campeonato Nacional de Downhill Urbano 2025 \u2013 Porto de M\u00f3s<\/strong> realiza-se a <strong data-start=\"2472\" data-end=\"2498\">14 de setembro de 2025<\/strong>, na hist\u00f3rica vila de Porto de M\u00f3s. O percurso urbano, com <strong data-start=\"2558\" data-end=\"2572\">630 metros<\/strong>, come\u00e7a no imponente <strong data-start=\"2594\" data-end=\"2621\">Castelo de Porto de M\u00f3s<\/strong>, atravessa a <strong data-start=\"2635\" data-end=\"2657\">Pra\u00e7a da Rep\u00fablica<\/strong> e termina no <strong data-start=\"2671\" data-end=\"2681\">Rossio<\/strong>, oferecendo descidas t\u00e9cnicas, zonas r\u00e1pidas e um ambiente vibrante no cora\u00e7\u00e3o da vila.<\/p>\n<p data-start=\"2773\" data-end=\"3019\">Organizado pelo <strong data-start=\"2789\" data-end=\"2808\">Team Ribeirense<\/strong>, com o apoio da <strong data-start=\"2825\" data-end=\"2871\">Federa\u00e7\u00e3o Portuguesa de Ciclismo (UVP\/FPC)<\/strong> e da <strong data-start=\"2877\" data-end=\"2913\">C\u00e2mara Municipal de Porto de M\u00f3s<\/strong>, o evento re\u00fane os melhores pilotos nacionais numa competi\u00e7\u00e3o que alia desporto, hist\u00f3ria e adrenalina.<\/p>\n","organizer_description":"<p><a href=\"https:\/\/www.fpciclismo.pt\/calendarios_ficheiros\/2025\/anexo_guia_tecnico-1747133057H559Hh9f9p1mKHXrouvWb1756132216.pdf\"><strong>Link do regulamento<\/strong><\/a><\/p>\n<p data-start=\"3055\" data-end=\"3149\">\ud83d\udcc5 <strong data-start=\"3058\" data-end=\"3067\">Data:<\/strong> 14 de setembro de 2025 (domingo)<br data-start=\"3100\" data-end=\"3103\" \/>\ud83d\udccd <strong data-start=\"3106\" data-end=\"3116\">Local:<\/strong> Porto de M\u00f3s, Leiria, Portugal<\/p>\n<h3 data-start=\"3151\" data-end=\"3168\">\ud83d\udd50 Programa<\/h3>\n<ul data-start=\"3169\" data-end=\"3379\">\n<li data-start=\"3169\" data-end=\"3205\">\n<p data-start=\"3171\" data-end=\"3205\">08h30 \u2013 Abertura do secretariado<\/p>\n<\/li>\n<li data-start=\"3206\" data-end=\"3238\">\n<p data-start=\"3208\" data-end=\"3238\">09h00\u201312h45 \u2013 Treinos livres<\/p>\n<\/li>\n<li data-start=\"3239\" data-end=\"3274\">\n<p data-start=\"3241\" data-end=\"3274\">13h00\u201314h30 \u2013 Pausa para almo\u00e7o<\/p>\n<\/li>\n<li data-start=\"3275\" data-end=\"3309\">\n<p data-start=\"3277\" data-end=\"3309\">14h30 \u2013 Mangas de qualifica\u00e7\u00e3o<\/p>\n<\/li>\n<li data-start=\"3310\" data-end=\"3335\">\n<p data-start=\"3312\" data-end=\"3335\">16h00 \u2013 Mangas finais<\/p>\n<\/li>\n<li data-start=\"3336\" data-end=\"3379\">\n<p data-start=\"3338\" data-end=\"3379\">17h30 \u2013 Cerim\u00f3nia de entrega de pr\u00e9mios<\/p>\n<\/li>\n<\/ul>\n<h3 data-start=\"3381\" data-end=\"3400\">\ud83d\udeb5 Categorias<\/h3>\n<ul data-start=\"3401\" data-end=\"3594\">\n<li data-start=\"3401\" data-end=\"3450\">\n<p data-start=\"3403\" data-end=\"3450\"><strong data-start=\"3403\" data-end=\"3415\">Juvenis:<\/strong> Sub13, Sub15, Sub17 (masc.\/fem.)<\/p>\n<\/li>\n<li data-start=\"3451\" data-end=\"3510\">\n<p data-start=\"3453\" data-end=\"3510\"><strong data-start=\"3453\" data-end=\"3473\">Elites &amp; Masters<\/strong>: Elites (17+), Masters 30\/40\/50\/60<\/p>\n<\/li>\n<li data-start=\"3511\" data-end=\"3563\">\n<p data-start=\"3513\" data-end=\"3563\"><strong data-start=\"3513\" data-end=\"3523\">E-MTB:<\/strong> Masculinos 19\u201339, 40+ e Femininos 19+<\/p>\n<\/li>\n<li data-start=\"3564\" data-end=\"3594\">\n<p data-start=\"3566\" data-end=\"3594\"><strong data-start=\"3566\" data-end=\"3575\">Open:<\/strong> 15+ (masc.\/fem.)<\/p>\n<\/li>\n<\/ul>\n<h3 data-start=\"3596\" data-end=\"3614\">\ud83d\udcb6 Inscri\u00e7\u00e3o<\/h3>\n<ul data-start=\"3615\" data-end=\"3789\">\n<li data-start=\"3615\" data-end=\"3641\">\n<p data-start=\"3617\" data-end=\"3641\">Atletas federados: \u20ac15<\/p>\n<\/li>\n<li data-start=\"3642\" data-end=\"3696\">\n<p data-start=\"3644\" data-end=\"3696\">Open\/n\u00e3o federados: acresce taxa de licen\u00e7a di\u00e1ria<\/p>\n<\/li>\n<li data-start=\"3697\" data-end=\"3789\">\n<p data-start=\"3699\" data-end=\"3789\">Data limite: 8 de setembro de 2025, 24h00, em <a class=\"decorated-link\" href=\"https:\/\/www.fpciclismo.pt?utm_source=chatgpt.com\" target=\"_new\" rel=\"noopener\" data-start=\"3745\" data-end=\"3787\">fpciclismo.pt<\/a><\/p>\n<\/li>\n<\/ul>\n<h3 data-start=\"3791\" data-end=\"3807\">\ud83c\udfc6 Pr\u00e9mios<\/h3>\n<ul data-start=\"3808\" data-end=\"3996\">\n<li data-start=\"3808\" data-end=\"3946\">\n<p data-start=\"3810\" data-end=\"3946\">Pr\u00e9mios monet\u00e1rios (classifica\u00e7\u00e3o geral \u2013 Juniores, Elites e Masters):<br data-start=\"3880\" data-end=\"3883\" \/>1.\u00ba \u20ac150 | 2.\u00ba \u20ac100 | 3.\u00ba \u20ac50 | 4.\u00ba \u20ac25 | 5.\u00ba \u20ac20 | 6.\u00ba \u20ac15<\/p>\n<\/li>\n<li data-start=\"3947\" data-end=\"3996\">\n<p data-start=\"3949\" data-end=\"3996\">Trof\u00e9us para os 3 primeiros de cada categoria<\/p>\n<\/li>\n<\/ul>\n<h3 data-start=\"3998\" data-end=\"4013\">\u23f1 Formato<\/h3>\n<ul data-start=\"4014\" data-end=\"4167\">\n<li data-start=\"4014\" data-end=\"4058\">\n<p data-start=\"4016\" data-end=\"4058\">Qualifica\u00e7\u00e3o: ordem inversa da inscri\u00e7\u00e3o<\/p>\n<\/li>\n<li data-start=\"4059\" data-end=\"4114\">\n<p data-start=\"4061\" data-end=\"4114\">Final: ordem inversa dos resultados da qualifica\u00e7\u00e3o<\/p>\n<\/li>\n<li data-start=\"4115\" data-end=\"4167\">\n<p data-start=\"4117\" data-end=\"4167\">Vencedores definidos pelos tempos da manga final<\/p>\n<\/li>\n<\/ul>\n","race_benefits":"<p data-start=\"4202\" data-end=\"4289\">\ud83c\udff0 Percurso \u00fanico de 630 m com partida no Castelo de Porto de M\u00f3s e chegada no Rossio<\/p>\n<p data-start=\"4291\" data-end=\"4379\">\ud83d\udeb5 Prova oficial do <strong data-start=\"4311\" data-end=\"4353\">Campeonato Nacional de Downhill Urbano<\/strong> sob regulamento UVP\/FPC<\/p>\n<p data-start=\"4381\" data-end=\"4484\">\ud83d\udcb6 Pr\u00e9mios monet\u00e1rios para Elites, Juniores e Masters + trof\u00e9us para os 3 primeiros de cada categoria<\/p>\n<p data-start=\"4486\" data-end=\"4537\">\ud83d\udcf8 Cen\u00e1rio urbano ic\u00f3nico com cobertura medi\u00e1tica<\/p>\n<p data-start=\"4539\" data-end=\"4612\">\ud83d\ude8c Transporte assegurado para atletas e bicicletas entre meta e partida<\/p>\n<p data-start=\"4614\" data-end=\"4684\">\ud83e\ude7a Apoio m\u00e9dico no local pelos Bombeiros Volunt\u00e1rios de Porto de M\u00f3s<\/p>\n","organizer_website":{"title":"","url":"","target":"","0":""}},"_links":{"self":[{"href":"https:\/\/dev.racefinder.pt\/pt\/wp-json\/wp\/v2\/product\/6580","targetHints":{"allow":["GET"]}}],"collection":[{"href":"https:\/\/dev.racefinder.pt\/pt\/wp-json\/wp\/v2\/product"}],"about":[{"href":"https:\/\/dev.racefinder.pt\/pt\/wp-json\/wp\/v2\/types\/product"}],"replies":[{"embeddable":true,"href":"https:\/\/dev.racefinder.pt\/pt\/wp-json\/wp\/v2\/comments?post=6580"}],"version-history":[{"count":1,"href":"https:\/\/dev.racefinder.pt\/pt\/wp-json\/wp\/v2\/product\/6580\/revisions"}],"predecessor-version":[{"id":11878,"href":"https:\/\/dev.racefinder.pt\/pt\/wp-json\/wp\/v2\/product\/6580\/revisions\/11878"}],"wp:featuredmedia":[{"embeddable":true,"href":"https:\/\/dev.racefinder.pt\/pt\/wp-json\/wp\/v2\/media\/6496"}],"wp:attachment":[{"href":"https:\/\/dev.racefinder.pt\/pt\/wp-json\/wp\/v2\/media?parent=6580"}],"wp:term":[{"taxonomy":"product_brand","embeddable":true,"href":"https:\/\/dev.racefinder.pt\/pt\/wp-json\/wp\/v2\/product_brand?post=6580"},{"taxonomy":"product_cat","embeddable":true,"href":"https:\/\/dev.racefinder.pt\/pt\/wp-json\/wp\/v2\/product_cat?post=6580"},{"taxonomy":"product_tag","embeddable":true,"href":"https:\/\/dev.racefinder.pt\/pt\/wp-json\/wp\/v2\/product_tag?post=6580"}],"curies":[{"name":"wp","href":"https:\/\/api.w.org\/{rel}","templated":true}]}}