{"id":6903,"date":"2025-07-10T10:58:58","date_gmt":"2025-07-10T09:58:58","guid":{"rendered":"https:\/\/dev.racefinder.pt\/event\/3h-resistencia-sintra-taca-inter-municipal-resistencia\/"},"modified":"2025-11-03T03:08:52","modified_gmt":"2025-11-03T03:08:52","slug":"3h-resistencia-sintra-taca-inter-municipal-resistencia","status":"publish","type":"product","link":"https:\/\/dev.racefinder.pt\/pt\/event\/3h-resistencia-sintra-taca-inter-municipal-resistencia\/","title":{"rendered":"3H Resist\u00eancia Sintra &#8211; Ta\u00e7a Inter-Municipal Resist\u00eancia"},"content":{"rendered":"","protected":false},"excerpt":{"rendered":"","protected":false},"featured_media":8521,"comment_status":"open","ping_status":"closed","template":"","meta":{"_acf_changed":false,"footnotes":""},"product_brand":[],"product_cat":[130,193],"product_tag":[],"class_list":{"0":"post-6903","1":"product","2":"type-product","3":"status-publish","4":"has-post-thumbnail","6":"product_cat-ciclismo","7":"product_cat-btt-pt-2","9":"first","10":"instock","11":"shipping-taxable","12":"product-type-variable"},"acf":{"event_date_start":"20251102","event_date_end":"","event_start_time":"","event_country":"portugal","event_ticket_url":"https:\/\/www.fpciclismo.pt\/calendario#","event_latitude":"38.7969","event_longitude":"-9.269402","event_rating":"","is_hot_event":false,"event_participants_count":"0","organizer_avatar":false,"event_gallery":false,"event_location_text":"Belas","organizer_website":{"title":"","url":"","target":"","0":""}},"_links":{"self":[{"href":"https:\/\/dev.racefinder.pt\/pt\/wp-json\/wp\/v2\/product\/6903","targetHints":{"allow":["GET"]}}],"collection":[{"href":"https:\/\/dev.racefinder.pt\/pt\/wp-json\/wp\/v2\/product"}],"about":[{"href":"https:\/\/dev.racefinder.pt\/pt\/wp-json\/wp\/v2\/types\/product"}],"replies":[{"embeddable":true,"href":"https:\/\/dev.racefinder.pt\/pt\/wp-json\/wp\/v2\/comments?post=6903"}],"version-history":[{"count":0,"href":"https:\/\/dev.racefinder.pt\/pt\/wp-json\/wp\/v2\/product\/6903\/revisions"}],"wp:featuredmedia":[{"embeddable":true,"href":"https:\/\/dev.racefinder.pt\/pt\/wp-json\/wp\/v2\/media\/8521"}],"wp:attachment":[{"href":"https:\/\/dev.racefinder.pt\/pt\/wp-json\/wp\/v2\/media?parent=6903"}],"wp:term":[{"taxonomy":"product_brand","embeddable":true,"href":"https:\/\/dev.racefinder.pt\/pt\/wp-json\/wp\/v2\/product_brand?post=6903"},{"taxonomy":"product_cat","embeddable":true,"href":"https:\/\/dev.racefinder.pt\/pt\/wp-json\/wp\/v2\/product_cat?post=6903"},{"taxonomy":"product_tag","embeddable":true,"href":"https:\/\/dev.racefinder.pt\/pt\/wp-json\/wp\/v2\/product_tag?post=6903"}],"curies":[{"name":"wp","href":"https:\/\/api.w.org\/{rel}","templated":true}]}}