{"id":824,"date":"2025-05-20T14:18:11","date_gmt":"2025-05-20T13:18:11","guid":{"rendered":"https:\/\/dev.racefinder.pt\/event\/estrela-road-challenge\/"},"modified":"2025-09-15T14:14:04","modified_gmt":"2025-09-15T13:14:04","slug":"estrela-road-challenge","status":"publish","type":"product","link":"https:\/\/dev.racefinder.pt\/pt\/event\/estrela-road-challenge\/","title":{"rendered":"Estrela Road Challenge"},"content":{"rendered":"","protected":false},"excerpt":{"rendered":"","protected":false},"featured_media":1878,"comment_status":"open","ping_status":"closed","template":"","meta":{"_acf_changed":false,"footnotes":""},"product_brand":[],"product_cat":[129,243,244],"product_tag":[],"class_list":{"0":"post-824","1":"product","2":"type-product","3":"status-publish","4":"has-post-thumbnail","6":"product_cat-corrida","7":"product_cat-maratonas","8":"product_cat-meia-maratona","10":"first","11":"instock","12":"shipping-taxable","13":"purchasable","14":"product-type-variable"},"acf":{"event_date_start":"20251019","event_date_end":"","event_start_time":"","event_country":"portugal","organizer_avatar":false,"event_gallery":false,"event_full_address":"","event_latitude":"40.4059","event_longitude":"-7.5382","is_hot_event":false,"event_ticket_url":"https:\/\/www.estrelaoutdoorevents.pt\/","event_rating":"4","event_location_text":"Manteigas","event_short_description":"<div id=\"model-response-message-contentr_ab51ff1c8204bdb7\" class=\"markdown markdown-main-panel stronger enable-updated-hr-color\" dir=\"ltr\">\n<p>O Estrela Road Challenge regressa \u00e0 deslumbrante Serra da Estrela nos dias 18 e 19 de outubro de 2025, oferecendo uma experi\u00eancia de corrida de estrada desafiante e \u00fanica na serra mais alta de Portugal. Com paisagens de cortar a respira\u00e7\u00e3o e um verdadeiro ambiente de montanha, este evento promove a sustentabilidade ambiental, a solidariedade e a \u00e9tica desportiva.<\/p>\n<p>Os participantes podem escolher entre tr\u00eas provas:<\/p>\n<ul>\n<li><b>Uphill (21 km):<\/b> Uma subida extenuante com 1600 m de desn\u00edvel, com chegada \u00e0 Torre.<\/li>\n<li><b>Uphill + Downhill (42 km):<\/b> Dist\u00e2ncia de maratona completa com 3200 m de desn\u00edvel total.<\/li>\n<li><b>Estafetas (42 km):<\/b> O mesmo percurso da maratona, em equipas de at\u00e9 3 atletas.<\/li>\n<\/ul>\n<p>Aberto a corredores com 18 anos ou mais, o Estrela Road Challenge fomenta um esp\u00edrito de resili\u00eancia, camaradagem e liga\u00e7\u00e3o \u00e0 natureza. Mais do que uma corrida, \u00e9 uma viagem pelo cora\u00e7\u00e3o da Serra da Estrela.<\/p>\n<\/div>\n","organizer_name":"Estrela Outdoor Events","organizer_description":"<p data-start=\"1805\" data-end=\"1981\">\ud83d\udcce <a class=\"\" href=\"https:\/\/static1.squarespace.com\/static\/648606257fd59a39c8d65a55\/t\/67899f077ed7ea42eb63a16f\/1737072422064\/REGULAMENTO+-+ESTRELA+ROAD+CHALLENGE+2025.pdf\" target=\"_new\" rel=\"noopener\" data-start=\"1808\" data-end=\"1981\">Link do regulamento<\/a><\/p>\n<p><strong>\ud83d\udd57 Data &amp; Hor\u00e1rios de Partida:<\/strong><br \/>\n19 de outubro de 2025<br \/>\nTodas as provas come\u00e7am \u00e0s 08:00<\/p>\n<p><strong>\ud83d\udccd Local de Partida \/ Chegada:<\/strong><\/p>\n<ul>\n<li>Partida: Manteigas<\/li>\n<li>Chegada: Torre (para Uphill), Manteigas (para Uphill + Downhill e Estafeta)<\/li>\n<\/ul>\n<p><strong>\ud83d\udce6 Levantamento de Dorsais (Bib Pick-Up):<\/strong><\/p>\n<ul>\n<li>18 de outubro: 14:00\u201322:00<\/li>\n<li>19 de outubro: 07:00\u201308:00<\/li>\n<\/ul>\n<p><strong>\ud83c\udfc1 Limites de Tempo (Cut-off):<\/strong><\/p>\n<ul>\n<li>Uphill: 4h30<\/li>\n<li>Uphill + Downhill &amp; Estafeta: 7h00<\/li>\n<\/ul>\n<p><strong>\ud83c\udf82 Idade M\u00ednima:<\/strong> 18 anos para todos os eventos<\/p>\n<p><strong>\u26f0\ufe0f Superf\u00edcie:<\/strong> Estrada de montanha asfaltada, Serra da Estrela<br \/>\n<strong>\ud83d\udd01 Formato do Percurso:<\/strong> Ponto a ponto<br \/>\n<strong>\u23f1\ufe0f Cronometragem:<\/strong> Chip timing com pontos de controlo e verifica\u00e7\u00f5es surpresa<br \/>\n<strong>\ud83d\ude99 Tr\u00e2nsito:<\/strong> Estrada aberta \u2014 corredores devem obedecer \u00e0s regras de tr\u00e2nsito<\/p>\n","race_benefits":"<div id=\"model-response-message-contentr_5133b87b2297be1a\" class=\"markdown markdown-main-panel stronger enable-updated-hr-color\" dir=\"ltr\">\n<p><b>\ud83c\udfbd Kit do Atleta:<\/b> Dorsal, chip, brinde oficial do evento e lembran\u00e7a para finalistas<\/p>\n<p><b>\ud83c\udfc5 Brindes para Finalistas:<\/b> Lembran\u00e7a para todos os que terminarem a prova<\/p>\n<p><b>\u23f1\ufe0f Cronometragem:<\/b> Cronometragem por chip com classifica\u00e7\u00e3o em tempo real<\/p>\n<p><b>\ud83c\udfc6 Pr\u00e9mios:<\/b> Pr\u00e9mios para os 3 primeiros da geral (masculino\/feminino), por escal\u00e3o e para as 3 melhores equipas de estafetas<\/p>\n<p><b>\ud83d\udee1\ufe0f Seguro:<\/b> Seguro de acidentes pessoais inclu\u00eddo<\/p>\n<p><b>\ud83d\udedf Apoio:<\/b> Assist\u00eancia m\u00e9dica no percurso e transporte para desistentes<\/p>\n<p><b>\ud83e\udd64 Pontos de Abastecimento:<\/b> Abastecimentos s\u00f3lidos e l\u00edquidos dispon\u00edveis (levar o pr\u00f3prio copo\/garrafa \u2013 pol\u00edtica ecol\u00f3gica)<\/p>\n<p><b>\ud83d\ude8c Transporte:<\/b> Servi\u00e7o de transporte para os participantes das estafetas e Uphill<\/p>\n<p><b>\ud83e\uddf3 Guarda-Volumes:<\/b> Dispon\u00edvel para os atletas da prova Uphill e das estafetas<\/p>\n<p><b>\ud83d\udcf8 Fotografia:<\/b> Cobertura fotogr\u00e1fica oficial da prova<\/p>\n<\/div>\n","event_participants_count":"0","organizer_website":{"title":"","url":"","target":"","0":""}},"_links":{"self":[{"href":"https:\/\/dev.racefinder.pt\/pt\/wp-json\/wp\/v2\/product\/824","targetHints":{"allow":["GET"]}}],"collection":[{"href":"https:\/\/dev.racefinder.pt\/pt\/wp-json\/wp\/v2\/product"}],"about":[{"href":"https:\/\/dev.racefinder.pt\/pt\/wp-json\/wp\/v2\/types\/product"}],"replies":[{"embeddable":true,"href":"https:\/\/dev.racefinder.pt\/pt\/wp-json\/wp\/v2\/comments?post=824"}],"version-history":[{"count":1,"href":"https:\/\/dev.racefinder.pt\/pt\/wp-json\/wp\/v2\/product\/824\/revisions"}],"predecessor-version":[{"id":10470,"href":"https:\/\/dev.racefinder.pt\/pt\/wp-json\/wp\/v2\/product\/824\/revisions\/10470"}],"wp:featuredmedia":[{"embeddable":true,"href":"https:\/\/dev.racefinder.pt\/pt\/wp-json\/wp\/v2\/media\/1878"}],"wp:attachment":[{"href":"https:\/\/dev.racefinder.pt\/pt\/wp-json\/wp\/v2\/media?parent=824"}],"wp:term":[{"taxonomy":"product_brand","embeddable":true,"href":"https:\/\/dev.racefinder.pt\/pt\/wp-json\/wp\/v2\/product_brand?post=824"},{"taxonomy":"product_cat","embeddable":true,"href":"https:\/\/dev.racefinder.pt\/pt\/wp-json\/wp\/v2\/product_cat?post=824"},{"taxonomy":"product_tag","embeddable":true,"href":"https:\/\/dev.racefinder.pt\/pt\/wp-json\/wp\/v2\/product_tag?post=824"}],"curies":[{"name":"wp","href":"https:\/\/api.w.org\/{rel}","templated":true}]}}