{"id":9722,"date":"2025-08-20T08:15:26","date_gmt":"2025-08-20T07:15:26","guid":{"rendered":"https:\/\/dev.racefinder.pt\/event\/trail-do-cerco\/"},"modified":"2025-08-20T08:15:26","modified_gmt":"2025-08-20T07:15:26","slug":"trail-do-cerco","status":"publish","type":"product","link":"https:\/\/dev.racefinder.pt\/pt\/event\/trail-do-cerco\/","title":{"rendered":"Trail do Cerco"},"content":{"rendered":"","protected":false},"excerpt":{"rendered":"","protected":false},"featured_media":9716,"comment_status":"open","ping_status":"closed","template":"","meta":{"_acf_changed":false,"footnotes":""},"product_brand":[],"product_cat":[129,139,140],"product_tag":[],"class_list":{"0":"post-9722","1":"product","2":"type-product","3":"status-publish","4":"has-post-thumbnail","6":"product_cat-corrida","7":"product_cat-trail-run-pt","8":"product_cat-caminhada","10":"first","11":"instock","12":"shipping-taxable","13":"purchasable","14":"product-type-variable"},"acf":{"event_date_start":"20250914","event_date_end":"","event_start_time":"","event_country":"portugal","event_ticket_url":"https:\/\/acorrer.pt\/eventos\/3996\/info","event_latitude":"40.5357","event_longitude":"-7.2673","event_rating":"","is_hot_event":false,"event_participants_count":"0","organizer_avatar":false,"event_gallery":false,"event_location_text":"Guarda","event_short_description":"<p>A 3\u00aa edi\u00e7\u00e3o do Trail do Cerco realiza-se a 14 de setembro de 2025, em Celorico da Beira. Organizado pelo Munic\u00edpio de Celorico da Beira com o apoio da AVCAT \u2013 Associa\u00e7\u00e3o Vila Ch\u00e3 Aldeia Trail de Portugal, o evento apresenta tr\u00eas desafios: Trail Longo (\u224824 km, 700D+), Trail Curto (\u224814 km, 450D+) e uma Caminhada de 9 km.  Com percursos por trilhos rurais e de montanha, caminhos de terra e alguns tro\u00e7os de asfalto, os trajetos valorizam a envolvente natural de Celorico da Beira, promovendo a pr\u00e1tica do trail running e o respeito pelo meio ambiente. Aberto a todos os participantes com idade igual ou superior a 18 anos, federados ou n\u00e3o, o evento refor\u00e7a os princ\u00edpios de fair play, sustentabilidade e seguran\u00e7a.  Num ambiente simultaneamente competitivo e acolhedor, o Trail do Cerco alia o desafio desportivo \u00e0 viv\u00eancia comunit\u00e1ria. A prova oferece ainda almo\u00e7o p\u00f3s-evento, kits t\u00e9cnicos para atletas e pr\u00e9mios tanto para os vencedores da geral como por escal\u00e3o et\u00e1rio.<\/p>\n","organizer_description":"<p class=\"p1\"><span class=\"s1\"><a href=\"https:\/\/assets.acorrer.pt\/media\/7704\/6895bd3373289_Regulamento.pdf\"><b><strong data-start=\"1367\" data-end=\"1387\">Link do regulamento <\/strong>\u2197<\/b><\/a><\/span><\/p>\n<p data-start=\"3674\" data-end=\"3794\"><strong data-start=\"3674\" data-end=\"3682\">Data<\/strong>: 14 de setembro de 2025<br data-start=\"3706\" data-end=\"3709\" \/><strong data-start=\"3709\" data-end=\"3718\">Local<\/strong>: Celorico da Beira (zona do Mercado Municipal)<br data-start=\"3765\" data-end=\"3768\" \/><strong data-start=\"3768\" data-end=\"3791\">Hor\u00e1rios de partida<\/strong>:<\/p>\n<p data-start=\"3797\" data-end=\"3834\">Trail Longo (24 km, ~700D+) \u2013 09h00<\/p>\n<p data-start=\"3837\" data-end=\"3874\">Trail Curto (14 km, ~450D+) \u2013 09h15<\/p>\n<p data-start=\"3877\" data-end=\"3911\">Caminhada (9 km, ~200D+) \u2013 09h20<\/p>\n<p data-start=\"3913\" data-end=\"3932\"><strong data-start=\"3913\" data-end=\"3929\">Tempo limite<\/strong>:<\/p>\n<p data-start=\"3935\" data-end=\"3954\">Trail Longo: 4h00<\/p>\n<p data-start=\"3957\" data-end=\"3976\">Trail Curto: 3h30<\/p>\n<p data-start=\"3978\" data-end=\"4008\"><strong data-start=\"3978\" data-end=\"4005\">Levantamento de dorsais<\/strong>:<\/p>\n<p data-start=\"4011\" data-end=\"4084\">13 de setembro \u2013 15h00\u201318h00 (Piscinas Municipais de Celorico da Beira)<\/p>\n<p data-start=\"4087\" data-end=\"4131\">14 de setembro \u2013 07h30\u201308h45 (mesmo local)<\/p>\n<p data-start=\"4133\" data-end=\"4316\"><strong data-start=\"4133\" data-end=\"4161\">Data limite de inscri\u00e7\u00e3o<\/strong>: 9 de setembro de 2025<br data-start=\"4184\" data-end=\"4187\" \/><strong data-start=\"4187\" data-end=\"4210\">Pre\u00e7os de inscri\u00e7\u00e3o<\/strong>: 15 \u20ac (trail longo), 13 \u20ac (trail curto), 10 \u20ac (caminhada)<br data-start=\"4268\" data-end=\"4271\" \/><strong data-start=\"4271\" data-end=\"4298\">Plataforma de inscri\u00e7\u00e3o<\/strong>: <a class=\"decorated-link\" href=\"http:\/\/www.acorrer.pt\" target=\"_new\" rel=\"noopener\" data-start=\"4300\" data-end=\"4314\">www.acorrer.pt<\/a><\/p>\n<p data-start=\"4318\" data-end=\"4341\"><strong data-start=\"4318\" data-end=\"4338\">Escal\u00f5es et\u00e1rios<\/strong>:<\/p>\n<p data-start=\"4344\" data-end=\"4355\">Geral M\/F<\/p>\n<p data-start=\"4358\" data-end=\"4373\">Sub23 (16\u201323)<\/p>\n<p data-start=\"4376\" data-end=\"4394\">Seniores (24\u201339)<\/p>\n<p data-start=\"4397\" data-end=\"4451\">Veteranos M\/F40 (40\u201349), M\/F50 (50\u201359), M\/F60+ (+60)<\/p>\n<p data-start=\"4453\" data-end=\"4467\"><strong data-start=\"4453\" data-end=\"4464\">Pr\u00e9mios<\/strong>:<\/p>\n<p data-start=\"4470\" data-end=\"4534\">Trof\u00e9us para os 3 primeiros da geral M\/F \u2013 trail curto e longo<\/p>\n<p data-start=\"4537\" data-end=\"4604\">Trof\u00e9us para os 3 primeiros de cada escal\u00e3o \u2013 trail curto e longo<\/p>\n<p data-start=\"4606\" data-end=\"4693\"><strong data-start=\"4606\" data-end=\"4626\">Tipo de percurso<\/strong>: Trilhos de montanha, caminhos rurais e estradas de terra batida<\/p>\n","race_benefits":"<p>\ud83c\udfbd Camisola t\u00e9cnica oficial do evento<br data-start=\"4766\" data-end=\"4769\" \/>\ud83c\udfc5 Brinde finisher para todos os participantes<br data-start=\"4815\" data-end=\"4818\" \/>\ud83e\udd64 Abastecimentos s\u00f3lidos e l\u00edquidos ao longo do percurso + final<br data-start=\"4883\" data-end=\"4886\" \/>\ud83d\udccb Dorsal personalizado com chip de cronometragem (trails)<br data-start=\"4944\" data-end=\"4947\" \/>\ud83d\udee1\ufe0f Seguro de acidentes pessoais<br data-start=\"4979\" data-end=\"4982\" \/>\ud83c\udf72 Almo\u00e7o inclu\u00eddo para participantes (opcional para acompanhantes \u2013 10 \u20ac)<\/p>\n","organizer_website":{"title":"","url":"","target":"","0":""}},"_links":{"self":[{"href":"https:\/\/dev.racefinder.pt\/pt\/wp-json\/wp\/v2\/product\/9722","targetHints":{"allow":["GET"]}}],"collection":[{"href":"https:\/\/dev.racefinder.pt\/pt\/wp-json\/wp\/v2\/product"}],"about":[{"href":"https:\/\/dev.racefinder.pt\/pt\/wp-json\/wp\/v2\/types\/product"}],"replies":[{"embeddable":true,"href":"https:\/\/dev.racefinder.pt\/pt\/wp-json\/wp\/v2\/comments?post=9722"}],"version-history":[{"count":0,"href":"https:\/\/dev.racefinder.pt\/pt\/wp-json\/wp\/v2\/product\/9722\/revisions"}],"wp:featuredmedia":[{"embeddable":true,"href":"https:\/\/dev.racefinder.pt\/pt\/wp-json\/wp\/v2\/media\/9716"}],"wp:attachment":[{"href":"https:\/\/dev.racefinder.pt\/pt\/wp-json\/wp\/v2\/media?parent=9722"}],"wp:term":[{"taxonomy":"product_brand","embeddable":true,"href":"https:\/\/dev.racefinder.pt\/pt\/wp-json\/wp\/v2\/product_brand?post=9722"},{"taxonomy":"product_cat","embeddable":true,"href":"https:\/\/dev.racefinder.pt\/pt\/wp-json\/wp\/v2\/product_cat?post=9722"},{"taxonomy":"product_tag","embeddable":true,"href":"https:\/\/dev.racefinder.pt\/pt\/wp-json\/wp\/v2\/product_tag?post=9722"}],"curies":[{"name":"wp","href":"https:\/\/api.w.org\/{rel}","templated":true}]}}