{"id":9983,"date":"2025-08-21T11:58:47","date_gmt":"2025-08-21T10:58:47","guid":{"rendered":"https:\/\/dev.racefinder.pt\/event\/xxv-rota-das-terras-do-demo\/"},"modified":"2025-08-21T11:58:47","modified_gmt":"2025-08-21T10:58:47","slug":"xxv-rota-das-terras-do-demo","status":"publish","type":"product","link":"https:\/\/dev.racefinder.pt\/pt\/event\/xxv-rota-das-terras-do-demo\/","title":{"rendered":"XXV Rota das Terras do Demo"},"content":{"rendered":"","protected":false},"excerpt":{"rendered":"","protected":false},"featured_media":9977,"comment_status":"open","ping_status":"closed","template":"","meta":{"_acf_changed":false,"footnotes":""},"product_brand":[],"product_cat":[130,212],"product_tag":[],"class_list":{"0":"post-9983","1":"product","2":"type-product","3":"status-publish","4":"has-post-thumbnail","6":"product_cat-ciclismo","7":"product_cat-ciclismo-de-estrada","9":"first","10":"instock","11":"shipping-taxable","12":"purchasable","13":"product-type-variable"},"acf":{"event_date_start":"20250914","event_date_end":"","event_start_time":"","event_country":"portugal","event_ticket_url":"https:\/\/apedalar.pt\/eventos\/3949\/info","event_latitude":"40.9817","event_longitude":"-7.6139","event_rating":"","is_hot_event":false,"event_participants_count":"0","organizer_avatar":false,"event_gallery":false,"event_location_text":"Moimenta da Beira, Viseu","event_short_description":"<p>A XXVI Rota das Terras do Demo realiza-se a 14 de setembro de 2025, em Moimenta da Beira, organizada pelo Pedaladas Clube de Cicloturismo, com o apoio da Associa\u00e7\u00e3o de Ciclismo de Viseu e de v\u00e1rias entidades locais.  Este passeio n\u00e3o competitivo percorre cerca de 60 km, a uma velocidade controlada de 25 km\/h, sendo acess\u00edvel a cicloturistas de 16 anos ou mais. O percurso integra pontos de reagrupamento e abastecimento, garantindo seguran\u00e7a e conv\u00edvio entre os participantes.  Mais do que um simples passeio, a Rota distingue-se pelo seu esp\u00edrito comunit\u00e1rio. Para al\u00e9m da experi\u00eancia desportiva, inclui almo\u00e7o-conv\u00edvio, brindes, e ainda a atribui\u00e7\u00e3o de um trof\u00e9u \u00e0s equipas com 4 ou mais ciclistas.<\/p>\n","organizer_description":"<p data-start=\"3203\" data-end=\"3232\"><a href=\"https:\/\/assets.apedalar.pt\/media\/7556\/6875190e5d58a_regulamento.pdf\"><strong data-start=\"3203\" data-end=\"3230\">Link para regulamento <a href=\"https:\/\/assets.apedalar.pt\/media\/7556\/6875190e5d58a_regulamento.pdf\">\u2197<\/a><\/strong><\/a><\/p>\n<p data-start=\"3234\" data-end=\"3356\"><strong data-start=\"3234\" data-end=\"3260\">Escal\u00f5es\/participa\u00e7\u00e3o:<\/strong> Aberto a cicloturistas com idade \u226516 anos, licenciados pela UVP\/FPC ou com seguro desportivo.<\/p>\n<p data-start=\"3358\" data-end=\"3421\"><strong data-start=\"3358\" data-end=\"3378\">Partida\/chegada:<\/strong> Pavilh\u00e3o Municipal de Moimenta da Beira.<\/p>\n<p data-start=\"3423\" data-end=\"3509\"><strong data-start=\"3423\" data-end=\"3436\">Hor\u00e1rios:<\/strong> Abertura do secretariado 08:00; encerramento 09:00; partida logo ap\u00f3s.<\/p>\n<p data-start=\"3511\" data-end=\"3565\"><strong data-start=\"3511\" data-end=\"3525\">Dist\u00e2ncia:<\/strong> ~60 km em ritmo controlado (25 km\/h).<\/p>\n<p data-start=\"3567\" data-end=\"3620\"><strong data-start=\"3567\" data-end=\"3588\">Tipo de percurso:<\/strong> Estradas abertas ao tr\u00e2nsito.<\/p>\n<p data-start=\"3622\" data-end=\"3680\"><strong data-start=\"3622\" data-end=\"3634\">Formato:<\/strong> Passeio guiado com pontos de reagrupamento.<\/p>\n<p data-start=\"3682\" data-end=\"3731\"><strong data-start=\"3682\" data-end=\"3700\">Cronometragem:<\/strong> N\u00e3o competitivo, sem tempos.<\/p>\n<p data-start=\"3733\" data-end=\"3795\"><strong data-start=\"3733\" data-end=\"3752\">Abastecimentos:<\/strong> L\u00edquidos e s\u00f3lidos ao longo do percurso.<\/p>\n<p data-start=\"3797\" data-end=\"3885\"><strong data-start=\"3797\" data-end=\"3822\">Inscri\u00e7\u00f5es e valores:<\/strong> \u20ac11 por participante; \u20ac9 acompanhante (com almo\u00e7o inclu\u00eddo).<\/p>\n<p data-start=\"3887\" data-end=\"3970\"><strong data-start=\"3887\" data-end=\"3899\">Pr\u00e9mios:<\/strong> Trof\u00e9u para equipas\/clubes com 4+ participantes; brindes para todos.<\/p>\n","race_benefits":"<p>\ud83c\udfbd <strong data-start=\"4006\" data-end=\"4030\">Kit de participante:<\/strong> Dorsal, brindes, seguro de acidentes pessoais (quando aplic\u00e1vel).<br data-start=\"4096\" data-end=\"4099\" \/>\ud83e\udd64 <strong data-start=\"4102\" data-end=\"4121\">Abastecimentos:<\/strong> Refor\u00e7os l\u00edquidos e s\u00f3lidos durante o percurso.<br data-start=\"4169\" data-end=\"4172\" \/>\ud83c\udf7d\ufe0f <strong data-start=\"4176\" data-end=\"4196\">Almo\u00e7o conv\u00edvio:<\/strong> Inclu\u00eddo para participantes e acompanhantes.<br data-start=\"4241\" data-end=\"4244\" \/>\ud83d\ude91 <strong data-start=\"4247\" data-end=\"4257\">Apoio:<\/strong> Ambul\u00e2ncia, carro vassoura, seguran\u00e7a e socorro.<br data-start=\"4306\" data-end=\"4309\" \/>\ud83c\udfc6 <strong data-start=\"4312\" data-end=\"4324\">Pr\u00e9mios:<\/strong> Trof\u00e9u para equipas\/clubes com 4 ou mais ciclistas.<br data-start=\"4376\" data-end=\"4379\" \/>\ud83d\udebf <strong data-start=\"4382\" data-end=\"4402\">Infraestruturas:<\/strong> Balne\u00e1rios dispon\u00edveis.<br data-start=\"4426\" data-end=\"4429\" \/>\ud83e\ude96 <strong data-start=\"4432\" data-end=\"4448\">Obrigat\u00f3rio:<\/strong> Uso de capacete de acordo com as normas UCI.<\/p>\n","organizer_website":{"title":"","url":"","target":"","0":""}},"_links":{"self":[{"href":"https:\/\/dev.racefinder.pt\/pt\/wp-json\/wp\/v2\/product\/9983","targetHints":{"allow":["GET"]}}],"collection":[{"href":"https:\/\/dev.racefinder.pt\/pt\/wp-json\/wp\/v2\/product"}],"about":[{"href":"https:\/\/dev.racefinder.pt\/pt\/wp-json\/wp\/v2\/types\/product"}],"replies":[{"embeddable":true,"href":"https:\/\/dev.racefinder.pt\/pt\/wp-json\/wp\/v2\/comments?post=9983"}],"version-history":[{"count":0,"href":"https:\/\/dev.racefinder.pt\/pt\/wp-json\/wp\/v2\/product\/9983\/revisions"}],"wp:featuredmedia":[{"embeddable":true,"href":"https:\/\/dev.racefinder.pt\/pt\/wp-json\/wp\/v2\/media\/9977"}],"wp:attachment":[{"href":"https:\/\/dev.racefinder.pt\/pt\/wp-json\/wp\/v2\/media?parent=9983"}],"wp:term":[{"taxonomy":"product_brand","embeddable":true,"href":"https:\/\/dev.racefinder.pt\/pt\/wp-json\/wp\/v2\/product_brand?post=9983"},{"taxonomy":"product_cat","embeddable":true,"href":"https:\/\/dev.racefinder.pt\/pt\/wp-json\/wp\/v2\/product_cat?post=9983"},{"taxonomy":"product_tag","embeddable":true,"href":"https:\/\/dev.racefinder.pt\/pt\/wp-json\/wp\/v2\/product_tag?post=9983"}],"curies":[{"name":"wp","href":"https:\/\/api.w.org\/{rel}","templated":true}]}}